{"id":454,"date":"2016-03-03T11:05:49","date_gmt":"2016-03-03T11:05:49","guid":{"rendered":"https:\/\/lamolaveterinaria.com\/es\/?page_id=454"},"modified":"2025-12-01T09:10:25","modified_gmt":"2025-12-01T08:10:25","slug":"traumatologia","status":"publish","type":"page","link":"https:\/\/lamolaveterinaria.com\/es\/servicios-la-mola-veterinaria\/traumatologia\/","title":{"rendered":"Traumatolog\u00eda"},"content":{"rendered":"<p>La traumatolog\u00eda veterinaria por traumatismos (ca\u00eddas, golpes, accidentes, ..) y traumatolog\u00eda cong\u00e9nita y \/ o hereditaria.<\/p>\n<p>Ambas se diagnostican mediante la nueva radiolog\u00eda digital que disponemos en nuestro centro desde Abril de 2014.<\/p>\n<p>En muchas ocasiones, la cirug\u00eda es la soluci\u00f3n para un problema traumatol\u00f3gico. Tenemos un equipo especializado para este tipo de cirug\u00eda.<\/p>\n","protected":false},"excerpt":{"rendered":"<p>La traumatolog\u00eda veterinaria por traumatismos (ca\u00eddas, golpes, accidentes, ..) y traumatolog\u00eda cong\u00e9nita y \/ o hereditaria. Ambas se diagnostican mediante la nueva radiolog\u00eda digital que disponemos en nuestro centro desde Abril de 2014. En muchas ocasiones, la cirug\u00eda es la soluci\u00f3n para un problema traumatol\u00f3gico. Tenemos un equipo especializado para este tipo de cirug\u00eda.<\/p>\n","protected":false},"author":4,"featured_media":1117,"parent":366,"menu_order":0,"comment_status":"open","ping_status":"open","template":"","meta":{"_joinchat":[],"footnotes":""},"class_list":["post-454","page","type-page","status-publish","has-post-thumbnail","hentry"],"yoast_head":"<!-- This site is optimized with the Yoast SEO plugin v27.5 - https:\/\/yoast.com\/product\/yoast-seo-wordpress\/ -->\n<title>Traumatolog\u00eda - La Mola Veterinaria<\/title>\n<meta name=\"description\" content=\"En la veterinaria La Mola tambi\u00e9n tratamos la traumatolog\u00eda veterinaria por traumatismos y traumatolog\u00eda cong\u00e9nita y\/o hereditaria.\" \/>\n<meta name=\"robots\" content=\"index, follow, max-snippet:-1, max-image-preview:large, max-video-preview:-1\" \/>\n<link rel=\"canonical\" href=\"https:\/\/lamolaveterinaria.com\/es\/servicios-la-mola-veterinaria\/traumatologia\/\" \/>\n<meta property=\"og:locale\" content=\"es_ES\" \/>\n<meta property=\"og:type\" content=\"article\" \/>\n<meta property=\"og:title\" content=\"Traumatolog\u00eda - La Mola Veterinaria\" \/>\n<meta property=\"og:description\" content=\"En la veterinaria La Mola tambi\u00e9n tratamos la traumatolog\u00eda veterinaria por traumatismos y traumatolog\u00eda cong\u00e9nita y\/o hereditaria.\" \/>\n<meta property=\"og:url\" content=\"https:\/\/lamolaveterinaria.com\/es\/servicios-la-mola-veterinaria\/traumatologia\/\" \/>\n<meta property=\"og:site_name\" content=\"La Mola Veterinaria\" \/>\n<meta property=\"article:publisher\" content=\"https:\/\/www.facebook.com\/lamolaveterinaria\" \/>\n<meta property=\"article:modified_time\" content=\"2025-12-01T08:10:25+00:00\" \/>\n<meta property=\"og:image\" content=\"https:\/\/lamolaveterinaria.com\/wp-content\/uploads\/2015\/05\/trauma.jpg\" \/>\n\t<meta property=\"og:image:width\" content=\"259\" \/>\n\t<meta property=\"og:image:height\" content=\"194\" \/>\n\t<meta property=\"og:image:type\" content=\"image\/jpeg\" \/>\n<meta name=\"twitter:card\" content=\"summary_large_image\" \/>\n<script type=\"application\/ld+json\" class=\"yoast-schema-graph\">{\"@context\":\"https:\\\/\\\/schema.org\",\"@graph\":[{\"@type\":\"WebPage\",\"@id\":\"https:\\\/\\\/lamolaveterinaria.com\\\/es\\\/servicios-la-mola-veterinaria\\\/traumatologia\\\/\",\"url\":\"https:\\\/\\\/lamolaveterinaria.com\\\/es\\\/servicios-la-mola-veterinaria\\\/traumatologia\\\/\",\"name\":\"Traumatolog\u00eda - La Mola Veterinaria\",\"isPartOf\":{\"@id\":\"https:\\\/\\\/lamolaveterinaria.com\\\/#website\"},\"primaryImageOfPage\":{\"@id\":\"https:\\\/\\\/lamolaveterinaria.com\\\/es\\\/servicios-la-mola-veterinaria\\\/traumatologia\\\/#primaryimage\"},\"image\":{\"@id\":\"https:\\\/\\\/lamolaveterinaria.com\\\/es\\\/servicios-la-mola-veterinaria\\\/traumatologia\\\/#primaryimage\"},\"thumbnailUrl\":\"https:\\\/\\\/lamolaveterinaria.com\\\/wp-content\\\/uploads\\\/2015\\\/05\\\/trauma.jpg\",\"datePublished\":\"2016-03-03T11:05:49+00:00\",\"dateModified\":\"2025-12-01T08:10:25+00:00\",\"description\":\"En la veterinaria La Mola tambi\u00e9n tratamos la traumatolog\u00eda veterinaria por traumatismos y traumatolog\u00eda cong\u00e9nita y\\\/o hereditaria.\",\"breadcrumb\":{\"@id\":\"https:\\\/\\\/lamolaveterinaria.com\\\/es\\\/servicios-la-mola-veterinaria\\\/traumatologia\\\/#breadcrumb\"},\"inLanguage\":\"es\",\"potentialAction\":[{\"@type\":\"ReadAction\",\"target\":[\"https:\\\/\\\/lamolaveterinaria.com\\\/es\\\/servicios-la-mola-veterinaria\\\/traumatologia\\\/\"]}]},{\"@type\":\"ImageObject\",\"inLanguage\":\"es\",\"@id\":\"https:\\\/\\\/lamolaveterinaria.com\\\/es\\\/servicios-la-mola-veterinaria\\\/traumatologia\\\/#primaryimage\",\"url\":\"https:\\\/\\\/lamolaveterinaria.com\\\/wp-content\\\/uploads\\\/2015\\\/05\\\/trauma.jpg\",\"contentUrl\":\"https:\\\/\\\/lamolaveterinaria.com\\\/wp-content\\\/uploads\\\/2015\\\/05\\\/trauma.jpg\",\"width\":259,\"height\":194,\"caption\":\"trauma\"},{\"@type\":\"BreadcrumbList\",\"@id\":\"https:\\\/\\\/lamolaveterinaria.com\\\/es\\\/servicios-la-mola-veterinaria\\\/traumatologia\\\/#breadcrumb\",\"itemListElement\":[{\"@type\":\"ListItem\",\"position\":1,\"name\":\"Inici\",\"item\":\"https:\\\/\\\/lamolaveterinaria.com\\\/es\\\/\"},{\"@type\":\"ListItem\",\"position\":2,\"name\":\"Servicios\",\"item\":\"https:\\\/\\\/lamolaveterinaria.com\\\/es\\\/servicios-la-mola-veterinaria\\\/\"},{\"@type\":\"ListItem\",\"position\":3,\"name\":\"Traumatolog\u00eda\"}]},{\"@type\":\"WebSite\",\"@id\":\"https:\\\/\\\/lamolaveterinaria.com\\\/#website\",\"url\":\"https:\\\/\\\/lamolaveterinaria.com\\\/\",\"name\":\"La Mola Veterin\u00e0ria\",\"description\":\"Centre Veterinari Terrassa\",\"publisher\":{\"@id\":\"https:\\\/\\\/lamolaveterinaria.com\\\/#organization\"},\"potentialAction\":[{\"@type\":\"SearchAction\",\"target\":{\"@type\":\"EntryPoint\",\"urlTemplate\":\"https:\\\/\\\/lamolaveterinaria.com\\\/?s={search_term_string}\"},\"query-input\":{\"@type\":\"PropertyValueSpecification\",\"valueRequired\":true,\"valueName\":\"search_term_string\"}}],\"inLanguage\":\"es\"},{\"@type\":\"Organization\",\"@id\":\"https:\\\/\\\/lamolaveterinaria.com\\\/#organization\",\"name\":\"Cl\u00ednica Veterin\u00e0ria La Mola\",\"url\":\"https:\\\/\\\/lamolaveterinaria.com\\\/\",\"logo\":{\"@type\":\"ImageObject\",\"inLanguage\":\"es\",\"@id\":\"https:\\\/\\\/lamolaveterinaria.com\\\/#\\\/schema\\\/logo\\\/image\\\/\",\"url\":\"https:\\\/\\\/lamolaveterinaria.com\\\/wp-content\\\/uploads\\\/2021\\\/10\\\/La_mola_screen_100px-1.png\",\"contentUrl\":\"https:\\\/\\\/lamolaveterinaria.com\\\/wp-content\\\/uploads\\\/2021\\\/10\\\/La_mola_screen_100px-1.png\",\"width\":199,\"height\":100,\"caption\":\"Cl\u00ednica Veterin\u00e0ria La Mola\"},\"image\":{\"@id\":\"https:\\\/\\\/lamolaveterinaria.com\\\/#\\\/schema\\\/logo\\\/image\\\/\"},\"sameAs\":[\"https:\\\/\\\/www.facebook.com\\\/lamolaveterinaria\",\"https:\\\/\\\/www.instagram.com\\\/lamolaveterinaria\\\/\"]}]}<\/script>\n<!-- \/ Yoast SEO plugin. -->","yoast_head_json":{"title":"Traumatolog\u00eda - La Mola Veterinaria","description":"En la veterinaria La Mola tambi\u00e9n tratamos la traumatolog\u00eda veterinaria por traumatismos y traumatolog\u00eda cong\u00e9nita y\/o hereditaria.","robots":{"index":"index","follow":"follow","max-snippet":"max-snippet:-1","max-image-preview":"max-image-preview:large","max-video-preview":"max-video-preview:-1"},"canonical":"https:\/\/lamolaveterinaria.com\/es\/servicios-la-mola-veterinaria\/traumatologia\/","og_locale":"es_ES","og_type":"article","og_title":"Traumatolog\u00eda - La Mola Veterinaria","og_description":"En la veterinaria La Mola tambi\u00e9n tratamos la traumatolog\u00eda veterinaria por traumatismos y traumatolog\u00eda cong\u00e9nita y\/o hereditaria.","og_url":"https:\/\/lamolaveterinaria.com\/es\/servicios-la-mola-veterinaria\/traumatologia\/","og_site_name":"La Mola Veterinaria","article_publisher":"https:\/\/www.facebook.com\/lamolaveterinaria","article_modified_time":"2025-12-01T08:10:25+00:00","og_image":[{"width":259,"height":194,"url":"https:\/\/lamolaveterinaria.com\/wp-content\/uploads\/2015\/05\/trauma.jpg","type":"image\/jpeg"}],"twitter_card":"summary_large_image","schema":{"@context":"https:\/\/schema.org","@graph":[{"@type":"WebPage","@id":"https:\/\/lamolaveterinaria.com\/es\/servicios-la-mola-veterinaria\/traumatologia\/","url":"https:\/\/lamolaveterinaria.com\/es\/servicios-la-mola-veterinaria\/traumatologia\/","name":"Traumatolog\u00eda - La Mola Veterinaria","isPartOf":{"@id":"https:\/\/lamolaveterinaria.com\/#website"},"primaryImageOfPage":{"@id":"https:\/\/lamolaveterinaria.com\/es\/servicios-la-mola-veterinaria\/traumatologia\/#primaryimage"},"image":{"@id":"https:\/\/lamolaveterinaria.com\/es\/servicios-la-mola-veterinaria\/traumatologia\/#primaryimage"},"thumbnailUrl":"https:\/\/lamolaveterinaria.com\/wp-content\/uploads\/2015\/05\/trauma.jpg","datePublished":"2016-03-03T11:05:49+00:00","dateModified":"2025-12-01T08:10:25+00:00","description":"En la veterinaria La Mola tambi\u00e9n tratamos la traumatolog\u00eda veterinaria por traumatismos y traumatolog\u00eda cong\u00e9nita y\/o hereditaria.","breadcrumb":{"@id":"https:\/\/lamolaveterinaria.com\/es\/servicios-la-mola-veterinaria\/traumatologia\/#breadcrumb"},"inLanguage":"es","potentialAction":[{"@type":"ReadAction","target":["https:\/\/lamolaveterinaria.com\/es\/servicios-la-mola-veterinaria\/traumatologia\/"]}]},{"@type":"ImageObject","inLanguage":"es","@id":"https:\/\/lamolaveterinaria.com\/es\/servicios-la-mola-veterinaria\/traumatologia\/#primaryimage","url":"https:\/\/lamolaveterinaria.com\/wp-content\/uploads\/2015\/05\/trauma.jpg","contentUrl":"https:\/\/lamolaveterinaria.com\/wp-content\/uploads\/2015\/05\/trauma.jpg","width":259,"height":194,"caption":"trauma"},{"@type":"BreadcrumbList","@id":"https:\/\/lamolaveterinaria.com\/es\/servicios-la-mola-veterinaria\/traumatologia\/#breadcrumb","itemListElement":[{"@type":"ListItem","position":1,"name":"Inici","item":"https:\/\/lamolaveterinaria.com\/es\/"},{"@type":"ListItem","position":2,"name":"Servicios","item":"https:\/\/lamolaveterinaria.com\/es\/servicios-la-mola-veterinaria\/"},{"@type":"ListItem","position":3,"name":"Traumatolog\u00eda"}]},{"@type":"WebSite","@id":"https:\/\/lamolaveterinaria.com\/#website","url":"https:\/\/lamolaveterinaria.com\/","name":"La Mola Veterin\u00e0ria","description":"Centre Veterinari Terrassa","publisher":{"@id":"https:\/\/lamolaveterinaria.com\/#organization"},"potentialAction":[{"@type":"SearchAction","target":{"@type":"EntryPoint","urlTemplate":"https:\/\/lamolaveterinaria.com\/?s={search_term_string}"},"query-input":{"@type":"PropertyValueSpecification","valueRequired":true,"valueName":"search_term_string"}}],"inLanguage":"es"},{"@type":"Organization","@id":"https:\/\/lamolaveterinaria.com\/#organization","name":"Cl\u00ednica Veterin\u00e0ria La Mola","url":"https:\/\/lamolaveterinaria.com\/","logo":{"@type":"ImageObject","inLanguage":"es","@id":"https:\/\/lamolaveterinaria.com\/#\/schema\/logo\/image\/","url":"https:\/\/lamolaveterinaria.com\/wp-content\/uploads\/2021\/10\/La_mola_screen_100px-1.png","contentUrl":"https:\/\/lamolaveterinaria.com\/wp-content\/uploads\/2021\/10\/La_mola_screen_100px-1.png","width":199,"height":100,"caption":"Cl\u00ednica Veterin\u00e0ria La Mola"},"image":{"@id":"https:\/\/lamolaveterinaria.com\/#\/schema\/logo\/image\/"},"sameAs":["https:\/\/www.facebook.com\/lamolaveterinaria","https:\/\/www.instagram.com\/lamolaveterinaria\/"]}]}},"_links":{"self":[{"href":"https:\/\/lamolaveterinaria.com\/es\/wp-json\/wp\/v2\/pages\/454","targetHints":{"allow":["GET"]}}],"collection":[{"href":"https:\/\/lamolaveterinaria.com\/es\/wp-json\/wp\/v2\/pages"}],"about":[{"href":"https:\/\/lamolaveterinaria.com\/es\/wp-json\/wp\/v2\/types\/page"}],"author":[{"embeddable":true,"href":"https:\/\/lamolaveterinaria.com\/es\/wp-json\/wp\/v2\/users\/4"}],"replies":[{"embeddable":true,"href":"https:\/\/lamolaveterinaria.com\/es\/wp-json\/wp\/v2\/comments?post=454"}],"version-history":[{"count":1,"href":"https:\/\/lamolaveterinaria.com\/es\/wp-json\/wp\/v2\/pages\/454\/revisions"}],"predecessor-version":[{"id":455,"href":"https:\/\/lamolaveterinaria.com\/es\/wp-json\/wp\/v2\/pages\/454\/revisions\/455"}],"up":[{"embeddable":true,"href":"https:\/\/lamolaveterinaria.com\/es\/wp-json\/wp\/v2\/pages\/366"}],"wp:featuredmedia":[{"embeddable":true,"href":"https:\/\/lamolaveterinaria.com\/es\/wp-json\/wp\/v2\/media\/1117"}],"wp:attachment":[{"href":"https:\/\/lamolaveterinaria.com\/es\/wp-json\/wp\/v2\/media?parent=454"}],"curies":[{"name":"wp","href":"https:\/\/api.w.org\/{rel}","templated":true}]}}