{"id":448,"date":"2016-03-03T11:02:09","date_gmt":"2016-03-03T11:02:09","guid":{"rendered":"https:\/\/lamolaveterinaria.com\/es\/?page_id=448"},"modified":"2025-12-01T09:09:17","modified_gmt":"2025-12-01T08:09:17","slug":"medicina-interna-general","status":"publish","type":"page","link":"https:\/\/lamolaveterinaria.com\/es\/servicios-la-mola-veterinaria\/medicina-interna-general\/","title":{"rendered":"Medicina interna general"},"content":{"rendered":"<p>Tratamos medicina interna general.<\/p>\n<p>En la mayor\u00eda de casos ayudando hacernos de pruebas concretas para cada individuo para llegar a un diagn\u00f3stico concreto.<\/p>\n","protected":false},"excerpt":{"rendered":"<p>Tratamos medicina interna general. En la mayor\u00eda de casos ayudando hacernos de pruebas concretas para cada individuo para llegar a un diagn\u00f3stico concreto.<\/p>\n","protected":false},"author":4,"featured_media":1114,"parent":366,"menu_order":0,"comment_status":"open","ping_status":"open","template":"","meta":{"_joinchat":[],"footnotes":""},"class_list":["post-448","page","type-page","status-publish","has-post-thumbnail","hentry"],"yoast_head":"<!-- This site is optimized with the Yoast SEO plugin v27.5 - https:\/\/yoast.com\/product\/yoast-seo-wordpress\/ -->\n<title>Medicina interna general - La Mola Veterinaria<\/title>\n<meta name=\"description\" content=\"Tratamos medicina interna general. En la mayor\u00eda de los casos, nos ayudamos de pruebas concretas para cada individuo para llegar a un diagn\u00f3stico espec\u00edfico.\" \/>\n<meta name=\"robots\" content=\"index, follow, max-snippet:-1, max-image-preview:large, max-video-preview:-1\" \/>\n<link rel=\"canonical\" href=\"https:\/\/lamolaveterinaria.com\/es\/servicios-la-mola-veterinaria\/medicina-interna-general\/\" \/>\n<meta property=\"og:locale\" content=\"es_ES\" \/>\n<meta property=\"og:type\" content=\"article\" \/>\n<meta property=\"og:title\" content=\"Medicina interna general - La Mola Veterinaria\" \/>\n<meta property=\"og:description\" content=\"Tratamos medicina interna general. En la mayor\u00eda de los casos, nos ayudamos de pruebas concretas para cada individuo para llegar a un diagn\u00f3stico espec\u00edfico.\" \/>\n<meta property=\"og:url\" content=\"https:\/\/lamolaveterinaria.com\/es\/servicios-la-mola-veterinaria\/medicina-interna-general\/\" \/>\n<meta property=\"og:site_name\" content=\"La Mola Veterinaria\" \/>\n<meta property=\"article:publisher\" content=\"https:\/\/www.facebook.com\/lamolaveterinaria\" \/>\n<meta property=\"article:modified_time\" content=\"2025-12-01T08:09:17+00:00\" \/>\n<meta property=\"og:image\" content=\"https:\/\/lamolaveterinaria.com\/wp-content\/uploads\/2015\/05\/experiencia.jpg\" \/>\n\t<meta property=\"og:image:width\" content=\"500\" \/>\n\t<meta property=\"og:image:height\" content=\"333\" \/>\n\t<meta property=\"og:image:type\" content=\"image\/jpeg\" \/>\n<meta name=\"twitter:card\" content=\"summary_large_image\" \/>\n<script type=\"application\/ld+json\" class=\"yoast-schema-graph\">{\"@context\":\"https:\\\/\\\/schema.org\",\"@graph\":[{\"@type\":\"WebPage\",\"@id\":\"https:\\\/\\\/lamolaveterinaria.com\\\/es\\\/servicios-la-mola-veterinaria\\\/medicina-interna-general\\\/\",\"url\":\"https:\\\/\\\/lamolaveterinaria.com\\\/es\\\/servicios-la-mola-veterinaria\\\/medicina-interna-general\\\/\",\"name\":\"Medicina interna general - La Mola Veterinaria\",\"isPartOf\":{\"@id\":\"https:\\\/\\\/lamolaveterinaria.com\\\/#website\"},\"primaryImageOfPage\":{\"@id\":\"https:\\\/\\\/lamolaveterinaria.com\\\/es\\\/servicios-la-mola-veterinaria\\\/medicina-interna-general\\\/#primaryimage\"},\"image\":{\"@id\":\"https:\\\/\\\/lamolaveterinaria.com\\\/es\\\/servicios-la-mola-veterinaria\\\/medicina-interna-general\\\/#primaryimage\"},\"thumbnailUrl\":\"https:\\\/\\\/lamolaveterinaria.com\\\/wp-content\\\/uploads\\\/2015\\\/05\\\/experiencia.jpg\",\"datePublished\":\"2016-03-03T11:02:09+00:00\",\"dateModified\":\"2025-12-01T08:09:17+00:00\",\"description\":\"Tratamos medicina interna general. En la mayor\u00eda de los casos, nos ayudamos de pruebas concretas para cada individuo para llegar a un diagn\u00f3stico espec\u00edfico.\",\"breadcrumb\":{\"@id\":\"https:\\\/\\\/lamolaveterinaria.com\\\/es\\\/servicios-la-mola-veterinaria\\\/medicina-interna-general\\\/#breadcrumb\"},\"inLanguage\":\"es\",\"potentialAction\":[{\"@type\":\"ReadAction\",\"target\":[\"https:\\\/\\\/lamolaveterinaria.com\\\/es\\\/servicios-la-mola-veterinaria\\\/medicina-interna-general\\\/\"]}]},{\"@type\":\"ImageObject\",\"inLanguage\":\"es\",\"@id\":\"https:\\\/\\\/lamolaveterinaria.com\\\/es\\\/servicios-la-mola-veterinaria\\\/medicina-interna-general\\\/#primaryimage\",\"url\":\"https:\\\/\\\/lamolaveterinaria.com\\\/wp-content\\\/uploads\\\/2015\\\/05\\\/experiencia.jpg\",\"contentUrl\":\"https:\\\/\\\/lamolaveterinaria.com\\\/wp-content\\\/uploads\\\/2015\\\/05\\\/experiencia.jpg\",\"width\":500,\"height\":333,\"caption\":\"Medicina interna general\"},{\"@type\":\"BreadcrumbList\",\"@id\":\"https:\\\/\\\/lamolaveterinaria.com\\\/es\\\/servicios-la-mola-veterinaria\\\/medicina-interna-general\\\/#breadcrumb\",\"itemListElement\":[{\"@type\":\"ListItem\",\"position\":1,\"name\":\"Inici\",\"item\":\"https:\\\/\\\/lamolaveterinaria.com\\\/es\\\/\"},{\"@type\":\"ListItem\",\"position\":2,\"name\":\"Servicios\",\"item\":\"https:\\\/\\\/lamolaveterinaria.com\\\/es\\\/servicios-la-mola-veterinaria\\\/\"},{\"@type\":\"ListItem\",\"position\":3,\"name\":\"Medicina interna general\"}]},{\"@type\":\"WebSite\",\"@id\":\"https:\\\/\\\/lamolaveterinaria.com\\\/#website\",\"url\":\"https:\\\/\\\/lamolaveterinaria.com\\\/\",\"name\":\"La Mola Veterin\u00e0ria\",\"description\":\"Centre Veterinari Terrassa\",\"publisher\":{\"@id\":\"https:\\\/\\\/lamolaveterinaria.com\\\/#organization\"},\"potentialAction\":[{\"@type\":\"SearchAction\",\"target\":{\"@type\":\"EntryPoint\",\"urlTemplate\":\"https:\\\/\\\/lamolaveterinaria.com\\\/?s={search_term_string}\"},\"query-input\":{\"@type\":\"PropertyValueSpecification\",\"valueRequired\":true,\"valueName\":\"search_term_string\"}}],\"inLanguage\":\"es\"},{\"@type\":\"Organization\",\"@id\":\"https:\\\/\\\/lamolaveterinaria.com\\\/#organization\",\"name\":\"Cl\u00ednica Veterin\u00e0ria La Mola\",\"url\":\"https:\\\/\\\/lamolaveterinaria.com\\\/\",\"logo\":{\"@type\":\"ImageObject\",\"inLanguage\":\"es\",\"@id\":\"https:\\\/\\\/lamolaveterinaria.com\\\/#\\\/schema\\\/logo\\\/image\\\/\",\"url\":\"https:\\\/\\\/lamolaveterinaria.com\\\/wp-content\\\/uploads\\\/2021\\\/10\\\/La_mola_screen_100px-1.png\",\"contentUrl\":\"https:\\\/\\\/lamolaveterinaria.com\\\/wp-content\\\/uploads\\\/2021\\\/10\\\/La_mola_screen_100px-1.png\",\"width\":199,\"height\":100,\"caption\":\"Cl\u00ednica Veterin\u00e0ria La Mola\"},\"image\":{\"@id\":\"https:\\\/\\\/lamolaveterinaria.com\\\/#\\\/schema\\\/logo\\\/image\\\/\"},\"sameAs\":[\"https:\\\/\\\/www.facebook.com\\\/lamolaveterinaria\",\"https:\\\/\\\/www.instagram.com\\\/lamolaveterinaria\\\/\"]}]}<\/script>\n<!-- \/ Yoast SEO plugin. -->","yoast_head_json":{"title":"Medicina interna general - La Mola Veterinaria","description":"Tratamos medicina interna general. En la mayor\u00eda de los casos, nos ayudamos de pruebas concretas para cada individuo para llegar a un diagn\u00f3stico espec\u00edfico.","robots":{"index":"index","follow":"follow","max-snippet":"max-snippet:-1","max-image-preview":"max-image-preview:large","max-video-preview":"max-video-preview:-1"},"canonical":"https:\/\/lamolaveterinaria.com\/es\/servicios-la-mola-veterinaria\/medicina-interna-general\/","og_locale":"es_ES","og_type":"article","og_title":"Medicina interna general - La Mola Veterinaria","og_description":"Tratamos medicina interna general. En la mayor\u00eda de los casos, nos ayudamos de pruebas concretas para cada individuo para llegar a un diagn\u00f3stico espec\u00edfico.","og_url":"https:\/\/lamolaveterinaria.com\/es\/servicios-la-mola-veterinaria\/medicina-interna-general\/","og_site_name":"La Mola Veterinaria","article_publisher":"https:\/\/www.facebook.com\/lamolaveterinaria","article_modified_time":"2025-12-01T08:09:17+00:00","og_image":[{"width":500,"height":333,"url":"https:\/\/lamolaveterinaria.com\/wp-content\/uploads\/2015\/05\/experiencia.jpg","type":"image\/jpeg"}],"twitter_card":"summary_large_image","schema":{"@context":"https:\/\/schema.org","@graph":[{"@type":"WebPage","@id":"https:\/\/lamolaveterinaria.com\/es\/servicios-la-mola-veterinaria\/medicina-interna-general\/","url":"https:\/\/lamolaveterinaria.com\/es\/servicios-la-mola-veterinaria\/medicina-interna-general\/","name":"Medicina interna general - La Mola Veterinaria","isPartOf":{"@id":"https:\/\/lamolaveterinaria.com\/#website"},"primaryImageOfPage":{"@id":"https:\/\/lamolaveterinaria.com\/es\/servicios-la-mola-veterinaria\/medicina-interna-general\/#primaryimage"},"image":{"@id":"https:\/\/lamolaveterinaria.com\/es\/servicios-la-mola-veterinaria\/medicina-interna-general\/#primaryimage"},"thumbnailUrl":"https:\/\/lamolaveterinaria.com\/wp-content\/uploads\/2015\/05\/experiencia.jpg","datePublished":"2016-03-03T11:02:09+00:00","dateModified":"2025-12-01T08:09:17+00:00","description":"Tratamos medicina interna general. En la mayor\u00eda de los casos, nos ayudamos de pruebas concretas para cada individuo para llegar a un diagn\u00f3stico espec\u00edfico.","breadcrumb":{"@id":"https:\/\/lamolaveterinaria.com\/es\/servicios-la-mola-veterinaria\/medicina-interna-general\/#breadcrumb"},"inLanguage":"es","potentialAction":[{"@type":"ReadAction","target":["https:\/\/lamolaveterinaria.com\/es\/servicios-la-mola-veterinaria\/medicina-interna-general\/"]}]},{"@type":"ImageObject","inLanguage":"es","@id":"https:\/\/lamolaveterinaria.com\/es\/servicios-la-mola-veterinaria\/medicina-interna-general\/#primaryimage","url":"https:\/\/lamolaveterinaria.com\/wp-content\/uploads\/2015\/05\/experiencia.jpg","contentUrl":"https:\/\/lamolaveterinaria.com\/wp-content\/uploads\/2015\/05\/experiencia.jpg","width":500,"height":333,"caption":"Medicina interna general"},{"@type":"BreadcrumbList","@id":"https:\/\/lamolaveterinaria.com\/es\/servicios-la-mola-veterinaria\/medicina-interna-general\/#breadcrumb","itemListElement":[{"@type":"ListItem","position":1,"name":"Inici","item":"https:\/\/lamolaveterinaria.com\/es\/"},{"@type":"ListItem","position":2,"name":"Servicios","item":"https:\/\/lamolaveterinaria.com\/es\/servicios-la-mola-veterinaria\/"},{"@type":"ListItem","position":3,"name":"Medicina interna general"}]},{"@type":"WebSite","@id":"https:\/\/lamolaveterinaria.com\/#website","url":"https:\/\/lamolaveterinaria.com\/","name":"La Mola Veterin\u00e0ria","description":"Centre Veterinari Terrassa","publisher":{"@id":"https:\/\/lamolaveterinaria.com\/#organization"},"potentialAction":[{"@type":"SearchAction","target":{"@type":"EntryPoint","urlTemplate":"https:\/\/lamolaveterinaria.com\/?s={search_term_string}"},"query-input":{"@type":"PropertyValueSpecification","valueRequired":true,"valueName":"search_term_string"}}],"inLanguage":"es"},{"@type":"Organization","@id":"https:\/\/lamolaveterinaria.com\/#organization","name":"Cl\u00ednica Veterin\u00e0ria La Mola","url":"https:\/\/lamolaveterinaria.com\/","logo":{"@type":"ImageObject","inLanguage":"es","@id":"https:\/\/lamolaveterinaria.com\/#\/schema\/logo\/image\/","url":"https:\/\/lamolaveterinaria.com\/wp-content\/uploads\/2021\/10\/La_mola_screen_100px-1.png","contentUrl":"https:\/\/lamolaveterinaria.com\/wp-content\/uploads\/2021\/10\/La_mola_screen_100px-1.png","width":199,"height":100,"caption":"Cl\u00ednica Veterin\u00e0ria La Mola"},"image":{"@id":"https:\/\/lamolaveterinaria.com\/#\/schema\/logo\/image\/"},"sameAs":["https:\/\/www.facebook.com\/lamolaveterinaria","https:\/\/www.instagram.com\/lamolaveterinaria\/"]}]}},"_links":{"self":[{"href":"https:\/\/lamolaveterinaria.com\/es\/wp-json\/wp\/v2\/pages\/448","targetHints":{"allow":["GET"]}}],"collection":[{"href":"https:\/\/lamolaveterinaria.com\/es\/wp-json\/wp\/v2\/pages"}],"about":[{"href":"https:\/\/lamolaveterinaria.com\/es\/wp-json\/wp\/v2\/types\/page"}],"author":[{"embeddable":true,"href":"https:\/\/lamolaveterinaria.com\/es\/wp-json\/wp\/v2\/users\/4"}],"replies":[{"embeddable":true,"href":"https:\/\/lamolaveterinaria.com\/es\/wp-json\/wp\/v2\/comments?post=448"}],"version-history":[{"count":1,"href":"https:\/\/lamolaveterinaria.com\/es\/wp-json\/wp\/v2\/pages\/448\/revisions"}],"predecessor-version":[{"id":449,"href":"https:\/\/lamolaveterinaria.com\/es\/wp-json\/wp\/v2\/pages\/448\/revisions\/449"}],"up":[{"embeddable":true,"href":"https:\/\/lamolaveterinaria.com\/es\/wp-json\/wp\/v2\/pages\/366"}],"wp:featuredmedia":[{"embeddable":true,"href":"https:\/\/lamolaveterinaria.com\/es\/wp-json\/wp\/v2\/media\/1114"}],"wp:attachment":[{"href":"https:\/\/lamolaveterinaria.com\/es\/wp-json\/wp\/v2\/media?parent=448"}],"curies":[{"name":"wp","href":"https:\/\/api.w.org\/{rel}","templated":true}]}}