{"id":439,"date":"2016-03-03T10:54:41","date_gmt":"2016-03-03T10:54:41","guid":{"rendered":"https:\/\/lamolaveterinaria.com\/es\/?page_id=439"},"modified":"2025-12-01T09:11:56","modified_gmt":"2025-12-01T08:11:56","slug":"diagnostico-por-imagenes","status":"publish","type":"page","link":"https:\/\/lamolaveterinaria.com\/es\/servicios-la-mola-veterinaria\/diagnostico-por-imagenes\/","title":{"rendered":"Diagnostico por im\u00e1genes"},"content":{"rendered":"<p>Servicio de diagn\u00f3stico por imagen para Rayos X (radiograf\u00eda) y por ultrasonidos (ecograf\u00eda).<br \/>\nPara completar un buen diagn\u00f3stico, en ocasiones, se recurre a este tipo de servicio, ya que mediante la imagen se puede detectar una anomal\u00eda que diagnostique la patolog\u00eda del paciente.<br \/>\nDesde Abril de 2014, el centro dispone de radiograf\u00eda digital directa. Esto supone una alta calidad de imagen que facilita a nuestras veterinarias trabajar con una tecnolog\u00eda actual y facilidad de trabajo.<br \/>\nLa ecograf\u00eda se realiza bajo cita previa con ec\u00f3grafos de \u00faltima generaci\u00f3n.<\/p>\n","protected":false},"excerpt":{"rendered":"<p>Servicio de diagn\u00f3stico por imagen para Rayos X (radiograf\u00eda) y por ultrasonidos (ecograf\u00eda). Para completar un buen diagn\u00f3stico, en ocasiones, se recurre a este tipo de servicio, ya que mediante la imagen se puede detectar una anomal\u00eda que diagnostique la patolog\u00eda del paciente. Desde Abril de 2014, el centro dispone de radiograf\u00eda digital directa. Esto  [&#8230;]<\/p>\n","protected":false},"author":4,"featured_media":0,"parent":366,"menu_order":0,"comment_status":"open","ping_status":"open","template":"","meta":{"_joinchat":[],"footnotes":""},"class_list":["post-439","page","type-page","status-publish","hentry"],"yoast_head":"<!-- This site is optimized with the Yoast SEO plugin v27.5 - https:\/\/yoast.com\/product\/yoast-seo-wordpress\/ -->\n<title>Diagnostico por im\u00e1genes - La Mola Veterinaria<\/title>\n<meta name=\"description\" content=\"Diagn\u00f3stico por imagen por Rayos X (radiograf\u00eda) y por ultrasonidos (ecograf\u00eda). La ecograf\u00eda se realiza bajo cita previa con ec\u00f3grafos de \u00faltima generaci\u00f3n.\" \/>\n<meta name=\"robots\" content=\"index, follow, max-snippet:-1, max-image-preview:large, max-video-preview:-1\" \/>\n<link rel=\"canonical\" href=\"https:\/\/lamolaveterinaria.com\/es\/servicios-la-mola-veterinaria\/diagnostico-por-imagenes\/\" \/>\n<meta property=\"og:locale\" content=\"es_ES\" \/>\n<meta property=\"og:type\" content=\"article\" \/>\n<meta property=\"og:title\" content=\"Diagnostico por im\u00e1genes - La Mola Veterinaria\" \/>\n<meta property=\"og:description\" content=\"Diagn\u00f3stico por imagen por Rayos X (radiograf\u00eda) y por ultrasonidos (ecograf\u00eda). La ecograf\u00eda se realiza bajo cita previa con ec\u00f3grafos de \u00faltima generaci\u00f3n.\" \/>\n<meta property=\"og:url\" content=\"https:\/\/lamolaveterinaria.com\/es\/servicios-la-mola-veterinaria\/diagnostico-por-imagenes\/\" \/>\n<meta property=\"og:site_name\" content=\"La Mola Veterinaria\" \/>\n<meta property=\"article:publisher\" content=\"https:\/\/www.facebook.com\/lamolaveterinaria\" \/>\n<meta property=\"article:modified_time\" content=\"2025-12-01T08:11:56+00:00\" \/>\n<meta property=\"og:image\" content=\"https:\/\/lamolaveterinaria.com\/wp-content\/uploads\/2015\/05\/19.jpg\" \/>\n\t<meta property=\"og:image:width\" content=\"1920\" \/>\n\t<meta property=\"og:image:height\" content=\"1452\" \/>\n\t<meta property=\"og:image:type\" content=\"image\/jpeg\" \/>\n<meta name=\"twitter:card\" content=\"summary_large_image\" \/>\n<script type=\"application\/ld+json\" class=\"yoast-schema-graph\">{\"@context\":\"https:\\\/\\\/schema.org\",\"@graph\":[{\"@type\":\"WebPage\",\"@id\":\"https:\\\/\\\/lamolaveterinaria.com\\\/es\\\/servicios-la-mola-veterinaria\\\/diagnostico-por-imagenes\\\/\",\"url\":\"https:\\\/\\\/lamolaveterinaria.com\\\/es\\\/servicios-la-mola-veterinaria\\\/diagnostico-por-imagenes\\\/\",\"name\":\"Diagnostico por im\u00e1genes - La Mola Veterinaria\",\"isPartOf\":{\"@id\":\"https:\\\/\\\/lamolaveterinaria.com\\\/#website\"},\"datePublished\":\"2016-03-03T10:54:41+00:00\",\"dateModified\":\"2025-12-01T08:11:56+00:00\",\"description\":\"Diagn\u00f3stico por imagen por Rayos X (radiograf\u00eda) y por ultrasonidos (ecograf\u00eda). La ecograf\u00eda se realiza bajo cita previa con ec\u00f3grafos de \u00faltima generaci\u00f3n.\",\"breadcrumb\":{\"@id\":\"https:\\\/\\\/lamolaveterinaria.com\\\/es\\\/servicios-la-mola-veterinaria\\\/diagnostico-por-imagenes\\\/#breadcrumb\"},\"inLanguage\":\"es\",\"potentialAction\":[{\"@type\":\"ReadAction\",\"target\":[\"https:\\\/\\\/lamolaveterinaria.com\\\/es\\\/servicios-la-mola-veterinaria\\\/diagnostico-por-imagenes\\\/\"]}]},{\"@type\":\"BreadcrumbList\",\"@id\":\"https:\\\/\\\/lamolaveterinaria.com\\\/es\\\/servicios-la-mola-veterinaria\\\/diagnostico-por-imagenes\\\/#breadcrumb\",\"itemListElement\":[{\"@type\":\"ListItem\",\"position\":1,\"name\":\"Inici\",\"item\":\"https:\\\/\\\/lamolaveterinaria.com\\\/es\\\/\"},{\"@type\":\"ListItem\",\"position\":2,\"name\":\"Servicios\",\"item\":\"https:\\\/\\\/lamolaveterinaria.com\\\/es\\\/servicios-la-mola-veterinaria\\\/\"},{\"@type\":\"ListItem\",\"position\":3,\"name\":\"Diagnostico por im\u00e1genes\"}]},{\"@type\":\"WebSite\",\"@id\":\"https:\\\/\\\/lamolaveterinaria.com\\\/#website\",\"url\":\"https:\\\/\\\/lamolaveterinaria.com\\\/\",\"name\":\"La Mola Veterin\u00e0ria\",\"description\":\"Centre Veterinari Terrassa\",\"publisher\":{\"@id\":\"https:\\\/\\\/lamolaveterinaria.com\\\/#organization\"},\"potentialAction\":[{\"@type\":\"SearchAction\",\"target\":{\"@type\":\"EntryPoint\",\"urlTemplate\":\"https:\\\/\\\/lamolaveterinaria.com\\\/?s={search_term_string}\"},\"query-input\":{\"@type\":\"PropertyValueSpecification\",\"valueRequired\":true,\"valueName\":\"search_term_string\"}}],\"inLanguage\":\"es\"},{\"@type\":\"Organization\",\"@id\":\"https:\\\/\\\/lamolaveterinaria.com\\\/#organization\",\"name\":\"Cl\u00ednica Veterin\u00e0ria La Mola\",\"url\":\"https:\\\/\\\/lamolaveterinaria.com\\\/\",\"logo\":{\"@type\":\"ImageObject\",\"inLanguage\":\"es\",\"@id\":\"https:\\\/\\\/lamolaveterinaria.com\\\/#\\\/schema\\\/logo\\\/image\\\/\",\"url\":\"https:\\\/\\\/lamolaveterinaria.com\\\/wp-content\\\/uploads\\\/2021\\\/10\\\/La_mola_screen_100px-1.png\",\"contentUrl\":\"https:\\\/\\\/lamolaveterinaria.com\\\/wp-content\\\/uploads\\\/2021\\\/10\\\/La_mola_screen_100px-1.png\",\"width\":199,\"height\":100,\"caption\":\"Cl\u00ednica Veterin\u00e0ria La Mola\"},\"image\":{\"@id\":\"https:\\\/\\\/lamolaveterinaria.com\\\/#\\\/schema\\\/logo\\\/image\\\/\"},\"sameAs\":[\"https:\\\/\\\/www.facebook.com\\\/lamolaveterinaria\",\"https:\\\/\\\/www.instagram.com\\\/lamolaveterinaria\\\/\"]}]}<\/script>\n<!-- \/ Yoast SEO plugin. -->","yoast_head_json":{"title":"Diagnostico por im\u00e1genes - La Mola Veterinaria","description":"Diagn\u00f3stico por imagen por Rayos X (radiograf\u00eda) y por ultrasonidos (ecograf\u00eda). La ecograf\u00eda se realiza bajo cita previa con ec\u00f3grafos de \u00faltima generaci\u00f3n.","robots":{"index":"index","follow":"follow","max-snippet":"max-snippet:-1","max-image-preview":"max-image-preview:large","max-video-preview":"max-video-preview:-1"},"canonical":"https:\/\/lamolaveterinaria.com\/es\/servicios-la-mola-veterinaria\/diagnostico-por-imagenes\/","og_locale":"es_ES","og_type":"article","og_title":"Diagnostico por im\u00e1genes - La Mola Veterinaria","og_description":"Diagn\u00f3stico por imagen por Rayos X (radiograf\u00eda) y por ultrasonidos (ecograf\u00eda). La ecograf\u00eda se realiza bajo cita previa con ec\u00f3grafos de \u00faltima generaci\u00f3n.","og_url":"https:\/\/lamolaveterinaria.com\/es\/servicios-la-mola-veterinaria\/diagnostico-por-imagenes\/","og_site_name":"La Mola Veterinaria","article_publisher":"https:\/\/www.facebook.com\/lamolaveterinaria","article_modified_time":"2025-12-01T08:11:56+00:00","og_image":[{"width":1920,"height":1452,"url":"https:\/\/lamolaveterinaria.com\/wp-content\/uploads\/2015\/05\/19.jpg","type":"image\/jpeg"}],"twitter_card":"summary_large_image","schema":{"@context":"https:\/\/schema.org","@graph":[{"@type":"WebPage","@id":"https:\/\/lamolaveterinaria.com\/es\/servicios-la-mola-veterinaria\/diagnostico-por-imagenes\/","url":"https:\/\/lamolaveterinaria.com\/es\/servicios-la-mola-veterinaria\/diagnostico-por-imagenes\/","name":"Diagnostico por im\u00e1genes - La Mola Veterinaria","isPartOf":{"@id":"https:\/\/lamolaveterinaria.com\/#website"},"datePublished":"2016-03-03T10:54:41+00:00","dateModified":"2025-12-01T08:11:56+00:00","description":"Diagn\u00f3stico por imagen por Rayos X (radiograf\u00eda) y por ultrasonidos (ecograf\u00eda). La ecograf\u00eda se realiza bajo cita previa con ec\u00f3grafos de \u00faltima generaci\u00f3n.","breadcrumb":{"@id":"https:\/\/lamolaveterinaria.com\/es\/servicios-la-mola-veterinaria\/diagnostico-por-imagenes\/#breadcrumb"},"inLanguage":"es","potentialAction":[{"@type":"ReadAction","target":["https:\/\/lamolaveterinaria.com\/es\/servicios-la-mola-veterinaria\/diagnostico-por-imagenes\/"]}]},{"@type":"BreadcrumbList","@id":"https:\/\/lamolaveterinaria.com\/es\/servicios-la-mola-veterinaria\/diagnostico-por-imagenes\/#breadcrumb","itemListElement":[{"@type":"ListItem","position":1,"name":"Inici","item":"https:\/\/lamolaveterinaria.com\/es\/"},{"@type":"ListItem","position":2,"name":"Servicios","item":"https:\/\/lamolaveterinaria.com\/es\/servicios-la-mola-veterinaria\/"},{"@type":"ListItem","position":3,"name":"Diagnostico por im\u00e1genes"}]},{"@type":"WebSite","@id":"https:\/\/lamolaveterinaria.com\/#website","url":"https:\/\/lamolaveterinaria.com\/","name":"La Mola Veterin\u00e0ria","description":"Centre Veterinari Terrassa","publisher":{"@id":"https:\/\/lamolaveterinaria.com\/#organization"},"potentialAction":[{"@type":"SearchAction","target":{"@type":"EntryPoint","urlTemplate":"https:\/\/lamolaveterinaria.com\/?s={search_term_string}"},"query-input":{"@type":"PropertyValueSpecification","valueRequired":true,"valueName":"search_term_string"}}],"inLanguage":"es"},{"@type":"Organization","@id":"https:\/\/lamolaveterinaria.com\/#organization","name":"Cl\u00ednica Veterin\u00e0ria La Mola","url":"https:\/\/lamolaveterinaria.com\/","logo":{"@type":"ImageObject","inLanguage":"es","@id":"https:\/\/lamolaveterinaria.com\/#\/schema\/logo\/image\/","url":"https:\/\/lamolaveterinaria.com\/wp-content\/uploads\/2021\/10\/La_mola_screen_100px-1.png","contentUrl":"https:\/\/lamolaveterinaria.com\/wp-content\/uploads\/2021\/10\/La_mola_screen_100px-1.png","width":199,"height":100,"caption":"Cl\u00ednica Veterin\u00e0ria La Mola"},"image":{"@id":"https:\/\/lamolaveterinaria.com\/#\/schema\/logo\/image\/"},"sameAs":["https:\/\/www.facebook.com\/lamolaveterinaria","https:\/\/www.instagram.com\/lamolaveterinaria\/"]}]}},"_links":{"self":[{"href":"https:\/\/lamolaveterinaria.com\/es\/wp-json\/wp\/v2\/pages\/439","targetHints":{"allow":["GET"]}}],"collection":[{"href":"https:\/\/lamolaveterinaria.com\/es\/wp-json\/wp\/v2\/pages"}],"about":[{"href":"https:\/\/lamolaveterinaria.com\/es\/wp-json\/wp\/v2\/types\/page"}],"author":[{"embeddable":true,"href":"https:\/\/lamolaveterinaria.com\/es\/wp-json\/wp\/v2\/users\/4"}],"replies":[{"embeddable":true,"href":"https:\/\/lamolaveterinaria.com\/es\/wp-json\/wp\/v2\/comments?post=439"}],"version-history":[{"count":1,"href":"https:\/\/lamolaveterinaria.com\/es\/wp-json\/wp\/v2\/pages\/439\/revisions"}],"predecessor-version":[{"id":440,"href":"https:\/\/lamolaveterinaria.com\/es\/wp-json\/wp\/v2\/pages\/439\/revisions\/440"}],"up":[{"embeddable":true,"href":"https:\/\/lamolaveterinaria.com\/es\/wp-json\/wp\/v2\/pages\/366"}],"wp:attachment":[{"href":"https:\/\/lamolaveterinaria.com\/es\/wp-json\/wp\/v2\/media?parent=439"}],"curies":[{"name":"wp","href":"https:\/\/api.w.org\/{rel}","templated":true}]}}