{"id":437,"date":"2016-03-03T10:53:15","date_gmt":"2016-03-03T10:53:15","guid":{"rendered":"https:\/\/lamolaveterinaria.com\/es\/?page_id=437"},"modified":"2025-12-01T09:08:42","modified_gmt":"2025-12-01T08:08:42","slug":"dermatologia","status":"publish","type":"page","link":"https:\/\/lamolaveterinaria.com\/es\/servicios-la-mola-veterinaria\/dermatologia\/","title":{"rendered":"Dermatolog\u00eda"},"content":{"rendered":"<p>Una de las consultas veterinarias m\u00e1s habituales son los problemas de piel.<br \/>\nRealizamos pruebas para diagnosticar tipo de hongo, anal\u00edticas para descartar problemas asociados que cursen con problemas de piel y se instauran tratamientos para todo tipo de dermatitis.<br \/>\nSe realizan ba\u00f1os terap\u00e9uticos.<br \/>\nAsimismo, le aconsejamos que siempre mantenga una rutina de cepillado a su mascota y que regularmente, los perros y gatos de pelo largo, acudan a una sesi\u00f3n de peluquer\u00eda. De esta forma evitar\u00e1 problemas de piel.<br \/>\nLas tandas de vitaminas de complejos de \u00e1cidos grasos Omega 3 y Omega 6, ayudar\u00e1n a que su mascota luzca un buen pelaje.<br \/>\n* Inf\u00f3rmese en nuestro centro *<\/p>\n","protected":false},"excerpt":{"rendered":"<p>Una de las consultas veterinarias m\u00e1s habituales son los problemas de piel. Realizamos pruebas para diagnosticar tipo de hongo, anal\u00edticas para descartar problemas asociados que cursen con problemas de piel y se instauran tratamientos para todo tipo de dermatitis. Se realizan ba\u00f1os terap\u00e9uticos. Asimismo, le aconsejamos que siempre mantenga una rutina de cepillado a su  [&#8230;]<\/p>\n","protected":false},"author":4,"featured_media":0,"parent":366,"menu_order":0,"comment_status":"open","ping_status":"open","template":"","meta":{"_joinchat":[],"footnotes":""},"class_list":["post-437","page","type-page","status-publish","hentry"],"yoast_head":"<!-- This site is optimized with the Yoast SEO plugin v27.5 - https:\/\/yoast.com\/product\/yoast-seo-wordpress\/ -->\n<title>Dermatolog\u00eda - La Mola Veterinaria<\/title>\n<meta name=\"description\" content=\"Recomendamos mantener una rutina de cepillado para tu mascota y que, regularmente, los perros y gatos de pelo largo acudan a una sesi\u00f3n de peluquer\u00eda.\" \/>\n<meta name=\"robots\" content=\"index, follow, max-snippet:-1, max-image-preview:large, max-video-preview:-1\" \/>\n<link rel=\"canonical\" href=\"https:\/\/lamolaveterinaria.com\/es\/servicios-la-mola-veterinaria\/dermatologia\/\" \/>\n<meta property=\"og:locale\" content=\"es_ES\" \/>\n<meta property=\"og:type\" content=\"article\" \/>\n<meta property=\"og:title\" content=\"Dermatolog\u00eda - La Mola Veterinaria\" \/>\n<meta property=\"og:description\" content=\"Recomendamos mantener una rutina de cepillado para tu mascota y que, regularmente, los perros y gatos de pelo largo acudan a una sesi\u00f3n de peluquer\u00eda.\" \/>\n<meta property=\"og:url\" content=\"https:\/\/lamolaveterinaria.com\/es\/servicios-la-mola-veterinaria\/dermatologia\/\" \/>\n<meta property=\"og:site_name\" content=\"La Mola Veterinaria\" \/>\n<meta property=\"article:publisher\" content=\"https:\/\/www.facebook.com\/lamolaveterinaria\" \/>\n<meta property=\"article:modified_time\" content=\"2025-12-01T08:08:42+00:00\" \/>\n<meta property=\"og:image\" content=\"https:\/\/lamolaveterinaria.com\/wp-content\/uploads\/2015\/05\/19.jpg\" \/>\n\t<meta property=\"og:image:width\" content=\"1920\" \/>\n\t<meta property=\"og:image:height\" content=\"1452\" \/>\n\t<meta property=\"og:image:type\" content=\"image\/jpeg\" \/>\n<meta name=\"twitter:card\" content=\"summary_large_image\" \/>\n<script type=\"application\/ld+json\" class=\"yoast-schema-graph\">{\"@context\":\"https:\\\/\\\/schema.org\",\"@graph\":[{\"@type\":\"WebPage\",\"@id\":\"https:\\\/\\\/lamolaveterinaria.com\\\/es\\\/servicios-la-mola-veterinaria\\\/dermatologia\\\/\",\"url\":\"https:\\\/\\\/lamolaveterinaria.com\\\/es\\\/servicios-la-mola-veterinaria\\\/dermatologia\\\/\",\"name\":\"Dermatolog\u00eda - La Mola Veterinaria\",\"isPartOf\":{\"@id\":\"https:\\\/\\\/lamolaveterinaria.com\\\/#website\"},\"datePublished\":\"2016-03-03T10:53:15+00:00\",\"dateModified\":\"2025-12-01T08:08:42+00:00\",\"description\":\"Recomendamos mantener una rutina de cepillado para tu mascota y que, regularmente, los perros y gatos de pelo largo acudan a una sesi\u00f3n de peluquer\u00eda.\",\"breadcrumb\":{\"@id\":\"https:\\\/\\\/lamolaveterinaria.com\\\/es\\\/servicios-la-mola-veterinaria\\\/dermatologia\\\/#breadcrumb\"},\"inLanguage\":\"es\",\"potentialAction\":[{\"@type\":\"ReadAction\",\"target\":[\"https:\\\/\\\/lamolaveterinaria.com\\\/es\\\/servicios-la-mola-veterinaria\\\/dermatologia\\\/\"]}]},{\"@type\":\"BreadcrumbList\",\"@id\":\"https:\\\/\\\/lamolaveterinaria.com\\\/es\\\/servicios-la-mola-veterinaria\\\/dermatologia\\\/#breadcrumb\",\"itemListElement\":[{\"@type\":\"ListItem\",\"position\":1,\"name\":\"Inici\",\"item\":\"https:\\\/\\\/lamolaveterinaria.com\\\/es\\\/\"},{\"@type\":\"ListItem\",\"position\":2,\"name\":\"Servicios\",\"item\":\"https:\\\/\\\/lamolaveterinaria.com\\\/es\\\/servicios-la-mola-veterinaria\\\/\"},{\"@type\":\"ListItem\",\"position\":3,\"name\":\"Dermatolog\u00eda\"}]},{\"@type\":\"WebSite\",\"@id\":\"https:\\\/\\\/lamolaveterinaria.com\\\/#website\",\"url\":\"https:\\\/\\\/lamolaveterinaria.com\\\/\",\"name\":\"La Mola Veterin\u00e0ria\",\"description\":\"Centre Veterinari Terrassa\",\"publisher\":{\"@id\":\"https:\\\/\\\/lamolaveterinaria.com\\\/#organization\"},\"potentialAction\":[{\"@type\":\"SearchAction\",\"target\":{\"@type\":\"EntryPoint\",\"urlTemplate\":\"https:\\\/\\\/lamolaveterinaria.com\\\/?s={search_term_string}\"},\"query-input\":{\"@type\":\"PropertyValueSpecification\",\"valueRequired\":true,\"valueName\":\"search_term_string\"}}],\"inLanguage\":\"es\"},{\"@type\":\"Organization\",\"@id\":\"https:\\\/\\\/lamolaveterinaria.com\\\/#organization\",\"name\":\"Cl\u00ednica Veterin\u00e0ria La Mola\",\"url\":\"https:\\\/\\\/lamolaveterinaria.com\\\/\",\"logo\":{\"@type\":\"ImageObject\",\"inLanguage\":\"es\",\"@id\":\"https:\\\/\\\/lamolaveterinaria.com\\\/#\\\/schema\\\/logo\\\/image\\\/\",\"url\":\"https:\\\/\\\/lamolaveterinaria.com\\\/wp-content\\\/uploads\\\/2021\\\/10\\\/La_mola_screen_100px-1.png\",\"contentUrl\":\"https:\\\/\\\/lamolaveterinaria.com\\\/wp-content\\\/uploads\\\/2021\\\/10\\\/La_mola_screen_100px-1.png\",\"width\":199,\"height\":100,\"caption\":\"Cl\u00ednica Veterin\u00e0ria La Mola\"},\"image\":{\"@id\":\"https:\\\/\\\/lamolaveterinaria.com\\\/#\\\/schema\\\/logo\\\/image\\\/\"},\"sameAs\":[\"https:\\\/\\\/www.facebook.com\\\/lamolaveterinaria\",\"https:\\\/\\\/www.instagram.com\\\/lamolaveterinaria\\\/\"]}]}<\/script>\n<!-- \/ Yoast SEO plugin. -->","yoast_head_json":{"title":"Dermatolog\u00eda - La Mola Veterinaria","description":"Recomendamos mantener una rutina de cepillado para tu mascota y que, regularmente, los perros y gatos de pelo largo acudan a una sesi\u00f3n de peluquer\u00eda.","robots":{"index":"index","follow":"follow","max-snippet":"max-snippet:-1","max-image-preview":"max-image-preview:large","max-video-preview":"max-video-preview:-1"},"canonical":"https:\/\/lamolaveterinaria.com\/es\/servicios-la-mola-veterinaria\/dermatologia\/","og_locale":"es_ES","og_type":"article","og_title":"Dermatolog\u00eda - La Mola Veterinaria","og_description":"Recomendamos mantener una rutina de cepillado para tu mascota y que, regularmente, los perros y gatos de pelo largo acudan a una sesi\u00f3n de peluquer\u00eda.","og_url":"https:\/\/lamolaveterinaria.com\/es\/servicios-la-mola-veterinaria\/dermatologia\/","og_site_name":"La Mola Veterinaria","article_publisher":"https:\/\/www.facebook.com\/lamolaveterinaria","article_modified_time":"2025-12-01T08:08:42+00:00","og_image":[{"width":1920,"height":1452,"url":"https:\/\/lamolaveterinaria.com\/wp-content\/uploads\/2015\/05\/19.jpg","type":"image\/jpeg"}],"twitter_card":"summary_large_image","schema":{"@context":"https:\/\/schema.org","@graph":[{"@type":"WebPage","@id":"https:\/\/lamolaveterinaria.com\/es\/servicios-la-mola-veterinaria\/dermatologia\/","url":"https:\/\/lamolaveterinaria.com\/es\/servicios-la-mola-veterinaria\/dermatologia\/","name":"Dermatolog\u00eda - La Mola Veterinaria","isPartOf":{"@id":"https:\/\/lamolaveterinaria.com\/#website"},"datePublished":"2016-03-03T10:53:15+00:00","dateModified":"2025-12-01T08:08:42+00:00","description":"Recomendamos mantener una rutina de cepillado para tu mascota y que, regularmente, los perros y gatos de pelo largo acudan a una sesi\u00f3n de peluquer\u00eda.","breadcrumb":{"@id":"https:\/\/lamolaveterinaria.com\/es\/servicios-la-mola-veterinaria\/dermatologia\/#breadcrumb"},"inLanguage":"es","potentialAction":[{"@type":"ReadAction","target":["https:\/\/lamolaveterinaria.com\/es\/servicios-la-mola-veterinaria\/dermatologia\/"]}]},{"@type":"BreadcrumbList","@id":"https:\/\/lamolaveterinaria.com\/es\/servicios-la-mola-veterinaria\/dermatologia\/#breadcrumb","itemListElement":[{"@type":"ListItem","position":1,"name":"Inici","item":"https:\/\/lamolaveterinaria.com\/es\/"},{"@type":"ListItem","position":2,"name":"Servicios","item":"https:\/\/lamolaveterinaria.com\/es\/servicios-la-mola-veterinaria\/"},{"@type":"ListItem","position":3,"name":"Dermatolog\u00eda"}]},{"@type":"WebSite","@id":"https:\/\/lamolaveterinaria.com\/#website","url":"https:\/\/lamolaveterinaria.com\/","name":"La Mola Veterin\u00e0ria","description":"Centre Veterinari Terrassa","publisher":{"@id":"https:\/\/lamolaveterinaria.com\/#organization"},"potentialAction":[{"@type":"SearchAction","target":{"@type":"EntryPoint","urlTemplate":"https:\/\/lamolaveterinaria.com\/?s={search_term_string}"},"query-input":{"@type":"PropertyValueSpecification","valueRequired":true,"valueName":"search_term_string"}}],"inLanguage":"es"},{"@type":"Organization","@id":"https:\/\/lamolaveterinaria.com\/#organization","name":"Cl\u00ednica Veterin\u00e0ria La Mola","url":"https:\/\/lamolaveterinaria.com\/","logo":{"@type":"ImageObject","inLanguage":"es","@id":"https:\/\/lamolaveterinaria.com\/#\/schema\/logo\/image\/","url":"https:\/\/lamolaveterinaria.com\/wp-content\/uploads\/2021\/10\/La_mola_screen_100px-1.png","contentUrl":"https:\/\/lamolaveterinaria.com\/wp-content\/uploads\/2021\/10\/La_mola_screen_100px-1.png","width":199,"height":100,"caption":"Cl\u00ednica Veterin\u00e0ria La Mola"},"image":{"@id":"https:\/\/lamolaveterinaria.com\/#\/schema\/logo\/image\/"},"sameAs":["https:\/\/www.facebook.com\/lamolaveterinaria","https:\/\/www.instagram.com\/lamolaveterinaria\/"]}]}},"_links":{"self":[{"href":"https:\/\/lamolaveterinaria.com\/es\/wp-json\/wp\/v2\/pages\/437","targetHints":{"allow":["GET"]}}],"collection":[{"href":"https:\/\/lamolaveterinaria.com\/es\/wp-json\/wp\/v2\/pages"}],"about":[{"href":"https:\/\/lamolaveterinaria.com\/es\/wp-json\/wp\/v2\/types\/page"}],"author":[{"embeddable":true,"href":"https:\/\/lamolaveterinaria.com\/es\/wp-json\/wp\/v2\/users\/4"}],"replies":[{"embeddable":true,"href":"https:\/\/lamolaveterinaria.com\/es\/wp-json\/wp\/v2\/comments?post=437"}],"version-history":[{"count":1,"href":"https:\/\/lamolaveterinaria.com\/es\/wp-json\/wp\/v2\/pages\/437\/revisions"}],"predecessor-version":[{"id":438,"href":"https:\/\/lamolaveterinaria.com\/es\/wp-json\/wp\/v2\/pages\/437\/revisions\/438"}],"up":[{"embeddable":true,"href":"https:\/\/lamolaveterinaria.com\/es\/wp-json\/wp\/v2\/pages\/366"}],"wp:attachment":[{"href":"https:\/\/lamolaveterinaria.com\/es\/wp-json\/wp\/v2\/media?parent=437"}],"curies":[{"name":"wp","href":"https:\/\/api.w.org\/{rel}","templated":true}]}}