{"id":426,"date":"2016-03-03T09:32:01","date_gmt":"2016-03-03T09:32:01","guid":{"rendered":"https:\/\/lamolaveterinaria.com\/es\/?page_id=426"},"modified":"2025-11-28T12:23:44","modified_gmt":"2025-11-28T11:23:44","slug":"cirugia-general-y-especializada","status":"publish","type":"page","link":"https:\/\/lamolaveterinaria.com\/es\/servicios-la-mola-veterinaria\/cirugia-general-y-especializada\/","title":{"rendered":"Cirug\u00eda general y especializada"},"content":{"rendered":"<p>El centro dispone de un quir\u00f3fano equipado para poder realizar todo tipo de cirug\u00edas, castraciones, extirpaci\u00f3n de tumores, limpiezas bucales, traumatolog\u00eda, etc &#8230;<br \/>\nCualquier intervenci\u00f3n quir\u00fargica requiere una preparaci\u00f3n de su animal, previa a la cirug\u00eda, para garantizar unos resultados \u00f3ptimos y minimizar los riesgos anest\u00e9sicos.<br \/>\nEn nuestras cirug\u00edas siempre pautado un protocolo anti-dolor pre y post quir\u00fargico. De esta forma se consigue el bienestar del paciente y una mejora para la recuperaci\u00f3n anest\u00e9sica.<\/p>\n","protected":false},"excerpt":{"rendered":"<p>El centro dispone de un quir\u00f3fano equipado para poder realizar todo tipo de cirug\u00edas, castraciones, extirpaci\u00f3n de tumores, limpiezas bucales, traumatolog\u00eda, etc &#8230; Cualquier intervenci\u00f3n quir\u00fargica requiere una preparaci\u00f3n de su animal, previa a la cirug\u00eda, para garantizar unos resultados \u00f3ptimos y minimizar los riesgos anest\u00e9sicos. En nuestras cirug\u00edas siempre pautado un protocolo anti-dolor pre  [&#8230;]<\/p>\n","protected":false},"author":4,"featured_media":1115,"parent":366,"menu_order":0,"comment_status":"open","ping_status":"open","template":"","meta":{"_joinchat":[],"footnotes":""},"class_list":["post-426","page","type-page","status-publish","has-post-thumbnail","hentry"],"yoast_head":"<!-- This site is optimized with the Yoast SEO plugin v27.4 - https:\/\/yoast.com\/product\/yoast-seo-wordpress\/ -->\n<title>Cirug\u00eda general y especializada - La Mola Veterinaria<\/title>\n<meta name=\"description\" content=\"El centro dispone de un quir\u00f3fano equipado para poder realizar cirug\u00edas, castraciones, extirpaci\u00f3n de tumores, limpiezas bucales, traumatolog\u00edas, etc...\" \/>\n<meta name=\"robots\" content=\"index, follow, max-snippet:-1, max-image-preview:large, max-video-preview:-1\" \/>\n<link rel=\"canonical\" href=\"https:\/\/lamolaveterinaria.com\/es\/servicios-la-mola-veterinaria\/cirugia-general-y-especializada\/\" \/>\n<meta property=\"og:locale\" content=\"es_ES\" \/>\n<meta property=\"og:type\" content=\"article\" \/>\n<meta property=\"og:title\" content=\"Cirug\u00eda general y especializada - La Mola Veterinaria\" \/>\n<meta property=\"og:description\" content=\"El centro dispone de un quir\u00f3fano equipado para poder realizar cirug\u00edas, castraciones, extirpaci\u00f3n de tumores, limpiezas bucales, traumatolog\u00edas, etc...\" \/>\n<meta property=\"og:url\" content=\"https:\/\/lamolaveterinaria.com\/es\/servicios-la-mola-veterinaria\/cirugia-general-y-especializada\/\" \/>\n<meta property=\"og:site_name\" content=\"La Mola Veterinaria\" \/>\n<meta property=\"article:publisher\" content=\"https:\/\/www.facebook.com\/lamolaveterinaria\" \/>\n<meta property=\"article:modified_time\" content=\"2025-11-28T11:23:44+00:00\" \/>\n<meta property=\"og:image\" content=\"https:\/\/lamolaveterinaria.com\/wp-content\/uploads\/2015\/05\/cirugia.jpg\" \/>\n\t<meta property=\"og:image:width\" content=\"875\" \/>\n\t<meta property=\"og:image:height\" content=\"583\" \/>\n\t<meta property=\"og:image:type\" content=\"image\/jpeg\" \/>\n<meta name=\"twitter:card\" content=\"summary_large_image\" \/>\n<script type=\"application\/ld+json\" class=\"yoast-schema-graph\">{\"@context\":\"https:\\\/\\\/schema.org\",\"@graph\":[{\"@type\":\"WebPage\",\"@id\":\"https:\\\/\\\/lamolaveterinaria.com\\\/es\\\/servicios-la-mola-veterinaria\\\/cirugia-general-y-especializada\\\/\",\"url\":\"https:\\\/\\\/lamolaveterinaria.com\\\/es\\\/servicios-la-mola-veterinaria\\\/cirugia-general-y-especializada\\\/\",\"name\":\"Cirug\u00eda general y especializada - La Mola Veterinaria\",\"isPartOf\":{\"@id\":\"https:\\\/\\\/lamolaveterinaria.com\\\/#website\"},\"primaryImageOfPage\":{\"@id\":\"https:\\\/\\\/lamolaveterinaria.com\\\/es\\\/servicios-la-mola-veterinaria\\\/cirugia-general-y-especializada\\\/#primaryimage\"},\"image\":{\"@id\":\"https:\\\/\\\/lamolaveterinaria.com\\\/es\\\/servicios-la-mola-veterinaria\\\/cirugia-general-y-especializada\\\/#primaryimage\"},\"thumbnailUrl\":\"https:\\\/\\\/lamolaveterinaria.com\\\/wp-content\\\/uploads\\\/2015\\\/05\\\/cirugia.jpg\",\"datePublished\":\"2016-03-03T09:32:01+00:00\",\"dateModified\":\"2025-11-28T11:23:44+00:00\",\"description\":\"El centro dispone de un quir\u00f3fano equipado para poder realizar cirug\u00edas, castraciones, extirpaci\u00f3n de tumores, limpiezas bucales, traumatolog\u00edas, etc...\",\"breadcrumb\":{\"@id\":\"https:\\\/\\\/lamolaveterinaria.com\\\/es\\\/servicios-la-mola-veterinaria\\\/cirugia-general-y-especializada\\\/#breadcrumb\"},\"inLanguage\":\"es\",\"potentialAction\":[{\"@type\":\"ReadAction\",\"target\":[\"https:\\\/\\\/lamolaveterinaria.com\\\/es\\\/servicios-la-mola-veterinaria\\\/cirugia-general-y-especializada\\\/\"]}]},{\"@type\":\"ImageObject\",\"inLanguage\":\"es\",\"@id\":\"https:\\\/\\\/lamolaveterinaria.com\\\/es\\\/servicios-la-mola-veterinaria\\\/cirugia-general-y-especializada\\\/#primaryimage\",\"url\":\"https:\\\/\\\/lamolaveterinaria.com\\\/wp-content\\\/uploads\\\/2015\\\/05\\\/cirugia.jpg\",\"contentUrl\":\"https:\\\/\\\/lamolaveterinaria.com\\\/wp-content\\\/uploads\\\/2015\\\/05\\\/cirugia.jpg\",\"width\":875,\"height\":583,\"caption\":\"Cirug\u00eda\"},{\"@type\":\"BreadcrumbList\",\"@id\":\"https:\\\/\\\/lamolaveterinaria.com\\\/es\\\/servicios-la-mola-veterinaria\\\/cirugia-general-y-especializada\\\/#breadcrumb\",\"itemListElement\":[{\"@type\":\"ListItem\",\"position\":1,\"name\":\"Inici\",\"item\":\"https:\\\/\\\/lamolaveterinaria.com\\\/es\\\/\"},{\"@type\":\"ListItem\",\"position\":2,\"name\":\"Servicios\",\"item\":\"https:\\\/\\\/lamolaveterinaria.com\\\/es\\\/servicios-la-mola-veterinaria\\\/\"},{\"@type\":\"ListItem\",\"position\":3,\"name\":\"Cirug\u00eda general y especializada\"}]},{\"@type\":\"WebSite\",\"@id\":\"https:\\\/\\\/lamolaveterinaria.com\\\/#website\",\"url\":\"https:\\\/\\\/lamolaveterinaria.com\\\/\",\"name\":\"La Mola Veterin\u00e0ria\",\"description\":\"Centre Veterinari Terrassa\",\"publisher\":{\"@id\":\"https:\\\/\\\/lamolaveterinaria.com\\\/#organization\"},\"potentialAction\":[{\"@type\":\"SearchAction\",\"target\":{\"@type\":\"EntryPoint\",\"urlTemplate\":\"https:\\\/\\\/lamolaveterinaria.com\\\/?s={search_term_string}\"},\"query-input\":{\"@type\":\"PropertyValueSpecification\",\"valueRequired\":true,\"valueName\":\"search_term_string\"}}],\"inLanguage\":\"es\"},{\"@type\":\"Organization\",\"@id\":\"https:\\\/\\\/lamolaveterinaria.com\\\/#organization\",\"name\":\"Cl\u00ednica Veterin\u00e0ria La Mola\",\"url\":\"https:\\\/\\\/lamolaveterinaria.com\\\/\",\"logo\":{\"@type\":\"ImageObject\",\"inLanguage\":\"es\",\"@id\":\"https:\\\/\\\/lamolaveterinaria.com\\\/#\\\/schema\\\/logo\\\/image\\\/\",\"url\":\"https:\\\/\\\/lamolaveterinaria.com\\\/wp-content\\\/uploads\\\/2021\\\/10\\\/La_mola_screen_100px-1.png\",\"contentUrl\":\"https:\\\/\\\/lamolaveterinaria.com\\\/wp-content\\\/uploads\\\/2021\\\/10\\\/La_mola_screen_100px-1.png\",\"width\":199,\"height\":100,\"caption\":\"Cl\u00ednica Veterin\u00e0ria La Mola\"},\"image\":{\"@id\":\"https:\\\/\\\/lamolaveterinaria.com\\\/#\\\/schema\\\/logo\\\/image\\\/\"},\"sameAs\":[\"https:\\\/\\\/www.facebook.com\\\/lamolaveterinaria\",\"https:\\\/\\\/www.instagram.com\\\/lamolaveterinaria\\\/\"]}]}<\/script>\n<!-- \/ Yoast SEO plugin. -->","yoast_head_json":{"title":"Cirug\u00eda general y especializada - La Mola Veterinaria","description":"El centro dispone de un quir\u00f3fano equipado para poder realizar cirug\u00edas, castraciones, extirpaci\u00f3n de tumores, limpiezas bucales, traumatolog\u00edas, etc...","robots":{"index":"index","follow":"follow","max-snippet":"max-snippet:-1","max-image-preview":"max-image-preview:large","max-video-preview":"max-video-preview:-1"},"canonical":"https:\/\/lamolaveterinaria.com\/es\/servicios-la-mola-veterinaria\/cirugia-general-y-especializada\/","og_locale":"es_ES","og_type":"article","og_title":"Cirug\u00eda general y especializada - La Mola Veterinaria","og_description":"El centro dispone de un quir\u00f3fano equipado para poder realizar cirug\u00edas, castraciones, extirpaci\u00f3n de tumores, limpiezas bucales, traumatolog\u00edas, etc...","og_url":"https:\/\/lamolaveterinaria.com\/es\/servicios-la-mola-veterinaria\/cirugia-general-y-especializada\/","og_site_name":"La Mola Veterinaria","article_publisher":"https:\/\/www.facebook.com\/lamolaveterinaria","article_modified_time":"2025-11-28T11:23:44+00:00","og_image":[{"width":875,"height":583,"url":"https:\/\/lamolaveterinaria.com\/wp-content\/uploads\/2015\/05\/cirugia.jpg","type":"image\/jpeg"}],"twitter_card":"summary_large_image","schema":{"@context":"https:\/\/schema.org","@graph":[{"@type":"WebPage","@id":"https:\/\/lamolaveterinaria.com\/es\/servicios-la-mola-veterinaria\/cirugia-general-y-especializada\/","url":"https:\/\/lamolaveterinaria.com\/es\/servicios-la-mola-veterinaria\/cirugia-general-y-especializada\/","name":"Cirug\u00eda general y especializada - La Mola Veterinaria","isPartOf":{"@id":"https:\/\/lamolaveterinaria.com\/#website"},"primaryImageOfPage":{"@id":"https:\/\/lamolaveterinaria.com\/es\/servicios-la-mola-veterinaria\/cirugia-general-y-especializada\/#primaryimage"},"image":{"@id":"https:\/\/lamolaveterinaria.com\/es\/servicios-la-mola-veterinaria\/cirugia-general-y-especializada\/#primaryimage"},"thumbnailUrl":"https:\/\/lamolaveterinaria.com\/wp-content\/uploads\/2015\/05\/cirugia.jpg","datePublished":"2016-03-03T09:32:01+00:00","dateModified":"2025-11-28T11:23:44+00:00","description":"El centro dispone de un quir\u00f3fano equipado para poder realizar cirug\u00edas, castraciones, extirpaci\u00f3n de tumores, limpiezas bucales, traumatolog\u00edas, etc...","breadcrumb":{"@id":"https:\/\/lamolaveterinaria.com\/es\/servicios-la-mola-veterinaria\/cirugia-general-y-especializada\/#breadcrumb"},"inLanguage":"es","potentialAction":[{"@type":"ReadAction","target":["https:\/\/lamolaveterinaria.com\/es\/servicios-la-mola-veterinaria\/cirugia-general-y-especializada\/"]}]},{"@type":"ImageObject","inLanguage":"es","@id":"https:\/\/lamolaveterinaria.com\/es\/servicios-la-mola-veterinaria\/cirugia-general-y-especializada\/#primaryimage","url":"https:\/\/lamolaveterinaria.com\/wp-content\/uploads\/2015\/05\/cirugia.jpg","contentUrl":"https:\/\/lamolaveterinaria.com\/wp-content\/uploads\/2015\/05\/cirugia.jpg","width":875,"height":583,"caption":"Cirug\u00eda"},{"@type":"BreadcrumbList","@id":"https:\/\/lamolaveterinaria.com\/es\/servicios-la-mola-veterinaria\/cirugia-general-y-especializada\/#breadcrumb","itemListElement":[{"@type":"ListItem","position":1,"name":"Inici","item":"https:\/\/lamolaveterinaria.com\/es\/"},{"@type":"ListItem","position":2,"name":"Servicios","item":"https:\/\/lamolaveterinaria.com\/es\/servicios-la-mola-veterinaria\/"},{"@type":"ListItem","position":3,"name":"Cirug\u00eda general y especializada"}]},{"@type":"WebSite","@id":"https:\/\/lamolaveterinaria.com\/#website","url":"https:\/\/lamolaveterinaria.com\/","name":"La Mola Veterin\u00e0ria","description":"Centre Veterinari Terrassa","publisher":{"@id":"https:\/\/lamolaveterinaria.com\/#organization"},"potentialAction":[{"@type":"SearchAction","target":{"@type":"EntryPoint","urlTemplate":"https:\/\/lamolaveterinaria.com\/?s={search_term_string}"},"query-input":{"@type":"PropertyValueSpecification","valueRequired":true,"valueName":"search_term_string"}}],"inLanguage":"es"},{"@type":"Organization","@id":"https:\/\/lamolaveterinaria.com\/#organization","name":"Cl\u00ednica Veterin\u00e0ria La Mola","url":"https:\/\/lamolaveterinaria.com\/","logo":{"@type":"ImageObject","inLanguage":"es","@id":"https:\/\/lamolaveterinaria.com\/#\/schema\/logo\/image\/","url":"https:\/\/lamolaveterinaria.com\/wp-content\/uploads\/2021\/10\/La_mola_screen_100px-1.png","contentUrl":"https:\/\/lamolaveterinaria.com\/wp-content\/uploads\/2021\/10\/La_mola_screen_100px-1.png","width":199,"height":100,"caption":"Cl\u00ednica Veterin\u00e0ria La Mola"},"image":{"@id":"https:\/\/lamolaveterinaria.com\/#\/schema\/logo\/image\/"},"sameAs":["https:\/\/www.facebook.com\/lamolaveterinaria","https:\/\/www.instagram.com\/lamolaveterinaria\/"]}]}},"_links":{"self":[{"href":"https:\/\/lamolaveterinaria.com\/es\/wp-json\/wp\/v2\/pages\/426","targetHints":{"allow":["GET"]}}],"collection":[{"href":"https:\/\/lamolaveterinaria.com\/es\/wp-json\/wp\/v2\/pages"}],"about":[{"href":"https:\/\/lamolaveterinaria.com\/es\/wp-json\/wp\/v2\/types\/page"}],"author":[{"embeddable":true,"href":"https:\/\/lamolaveterinaria.com\/es\/wp-json\/wp\/v2\/users\/4"}],"replies":[{"embeddable":true,"href":"https:\/\/lamolaveterinaria.com\/es\/wp-json\/wp\/v2\/comments?post=426"}],"version-history":[{"count":1,"href":"https:\/\/lamolaveterinaria.com\/es\/wp-json\/wp\/v2\/pages\/426\/revisions"}],"predecessor-version":[{"id":427,"href":"https:\/\/lamolaveterinaria.com\/es\/wp-json\/wp\/v2\/pages\/426\/revisions\/427"}],"up":[{"embeddable":true,"href":"https:\/\/lamolaveterinaria.com\/es\/wp-json\/wp\/v2\/pages\/366"}],"wp:featuredmedia":[{"embeddable":true,"href":"https:\/\/lamolaveterinaria.com\/es\/wp-json\/wp\/v2\/media\/1115"}],"wp:attachment":[{"href":"https:\/\/lamolaveterinaria.com\/es\/wp-json\/wp\/v2\/media?parent=426"}],"curies":[{"name":"wp","href":"https:\/\/api.w.org\/{rel}","templated":true}]}}