{"id":347,"date":"2016-03-02T10:01:17","date_gmt":"2016-03-02T10:01:17","guid":{"rendered":"https:\/\/lamolaveterinaria.com\/es\/?page_id=347"},"modified":"2025-11-28T12:16:03","modified_gmt":"2025-11-28T11:16:03","slug":"equipo-la-mola-veterinaria","status":"publish","type":"page","link":"https:\/\/lamolaveterinaria.com\/es\/equipo-la-mola-veterinaria\/","title":{"rendered":"Equipo"},"content":{"rendered":"<p><div class=\"fusion-fullwidth fullwidth-box fusion-builder-row-1 hundred-percent-fullwidth non-hundred-percent-height-scrolling\" style=\"--awb-border-radius-top-left:0px;--awb-border-radius-top-right:0px;--awb-border-radius-bottom-right:0px;--awb-border-radius-bottom-left:0px;--awb-overflow:visible;--awb-flex-wrap:wrap;\" ><div class=\"fusion-builder-row fusion-row\"><div class=\"fusion-layout-column fusion_builder_column fusion-builder-column-0 fusion_builder_column_1_2 1_2 fusion-one-half fusion-column-first\" style=\"--awb-bg-size:cover;width:48%; margin-right: 4%;\"><div class=\"fusion-column-wrapper fusion-flex-column-wrapper-legacy\"><div class=\"fusion-slider-sc fusion-flexslider-loading flexslider flexslider-hover-type-none\" data-slideshow_autoplay=\"1\" data-slideshow_smooth_height=\"0\" data-slideshow_speed=\"7000\" style=\"max-width:100%;height:100%;\"><ul class=\"slides\"><li class=\"image\"><span class=\"fusion-image-hover-element hover-type-none\"><img decoding=\"async\" src=\"https:\/\/lamolaveterinaria.com\/wp-content\/uploads\/2021\/11\/mola5-298x300.png\" alt=\"mola5\" width=\"298\" height=\"300\" class=\"wp-image-1518\" srcset=\"https:\/\/lamolaveterinaria.com\/wp-content\/uploads\/2021\/11\/mola5-200x201.png 200w, https:\/\/lamolaveterinaria.com\/wp-content\/uploads\/2021\/11\/mola5-400x403.png 400w, https:\/\/lamolaveterinaria.com\/wp-content\/uploads\/2021\/11\/mola5-600x604.png 600w, https:\/\/lamolaveterinaria.com\/wp-content\/uploads\/2021\/11\/mola5.png 750w\" sizes=\"(max-width: 800px) 100vw, 600px\" \/><\/span><\/li><li class=\"image\"><span class=\"fusion-image-hover-element hover-type-none\"><img decoding=\"async\" src=\"https:\/\/lamolaveterinaria.com\/wp-content\/uploads\/2021\/11\/mola2-300x205.jpg\" alt=\"mola2\" width=\"300\" height=\"205\" class=\"wp-image-1508\" srcset=\"https:\/\/lamolaveterinaria.com\/wp-content\/uploads\/2021\/11\/mola2-200x136.jpg 200w, https:\/\/lamolaveterinaria.com\/wp-content\/uploads\/2021\/11\/mola2-400x273.jpg 400w, https:\/\/lamolaveterinaria.com\/wp-content\/uploads\/2021\/11\/mola2-600x409.jpg 600w, https:\/\/lamolaveterinaria.com\/wp-content\/uploads\/2021\/11\/mola2-800x546.jpg 800w, https:\/\/lamolaveterinaria.com\/wp-content\/uploads\/2021\/11\/mola2-1200x818.jpg 1200w, https:\/\/lamolaveterinaria.com\/wp-content\/uploads\/2021\/11\/mola2.jpg 1280w\" sizes=\"(max-width: 800px) 100vw, 600px\" \/><\/span><\/li><\/ul><\/div><div class=\"fusion-clearfix\"><\/div><\/div><\/div><div class=\"fusion-layout-column fusion_builder_column fusion-builder-column-1 fusion_builder_column_1_2 1_2 fusion-one-half fusion-column-last\" style=\"--awb-bg-size:cover;width:48%;\"><div class=\"fusion-column-wrapper fusion-flex-column-wrapper-legacy\"><div class=\"fusion-title title fusion-title-1 fusion-sep-none fusion-title-text fusion-title-size-two\"><h2 class=\"fusion-title-heading title-heading-left\" style=\"margin:0;\">Bienvenidos a La Mola<\/h2><\/div><div class=\"fusion-text fusion-text-1\" style=\"--awb-text-transform:none;\"><p>La Cl\u00ednica Veterinaria La Mola ofrece un servicio completo: consultas, consultas especializadas (dermatolog\u00eda, traumatolog\u00eda y oftalomolog\u00eda), vacunas, radiograf\u00eda digital, electrocardiograma, ecograf\u00eda,\u00a0 fisioterapia, acupuntura, cirug\u00eda\u00a0 general, anal\u00edticas, ba\u00f1os terap\u00e9uticos y planes de salud adaptados a cada etapa del animal.<\/p>\n<p>Ofrecemos un servicio cercano y personalizado.<\/p>\n<p>Financiaci\u00f3n adaptada ,\u00a0 sin papeleo , ni esperas, inmediato.<\/p>\n<p><span class=\"hps\">Nuestro horario es<\/span> <span class=\"hps\">de Lunes a Viernes de 9:30h a 19h y S\u00e1bados de 10h a 13h.<\/span><\/p>\n<p>El equipo est\u00e1 formado y cualificado por las Doctoras Blanca Roger y Oti Domingo, la t\u00e9cnica y recepcionista Laura Moreno y el t\u00e9cnico Bernat Serra.<\/p>\n<\/div><div class=\"fusion-clearfix\"><\/div><\/div><\/div><div class=\"fusion-layout-column fusion_builder_column fusion-builder-column-2 fusion_builder_column_1_1 1_1 fusion-one-full fusion-column-first fusion-column-last fusion-column-no-min-height\" style=\"--awb-bg-size:cover;--awb-margin-bottom:0px;\"><div class=\"fusion-column-wrapper fusion-flex-column-wrapper-legacy\"><div class=\"fusion-sep-clear\"><\/div><div class=\"fusion-separator fusion-has-icon fusion-full-width-sep\" style=\"margin-left: auto;margin-right: auto;margin-top:20px;margin-bottom:20px;width:100%;\"><div class=\"fusion-separator-border sep-single sep-solid\" style=\"--awb-height:20px;--awb-amount:20px;border-color:#e0dede;border-top-width:1px;\"><\/div><span class=\"icon-wrapper\" style=\"border-color:#e0dede;background-color:rgba(255,255,255,0);font-size:14px;width: 1.75em; height: 1.75em;border-width:1px;padding:1px;margin-top:-0.5px\"><i class=\" fa fa-paw\" style=\"font-size: inherit;color:#e0dede;\" aria-hidden=\"true\"><\/i><\/span><div class=\"fusion-separator-border sep-single sep-solid\" style=\"--awb-height:20px;--awb-amount:20px;border-color:#e0dede;border-top-width:1px;\"><\/div><\/div><div class=\"fusion-sep-clear\"><\/div><div class=\"fusion-clearfix\"><\/div><\/div><\/div><div class=\"fusion-layout-column fusion_builder_column fusion-builder-column-3 fusion_builder_column_1_1 1_1 fusion-one-full fusion-column-first fusion-column-last fusion-column-no-min-height\" style=\"--awb-bg-size:cover;--awb-margin-bottom:0px;\"><div class=\"fusion-column-wrapper fusion-flex-column-wrapper-legacy\"><div class=\"fusion-title title fusion-title-2 fusion-sep-none fusion-title-text fusion-title-size-two\" style=\"--awb-margin-bottom:2.1em;\"><h2 class=\"fusion-title-heading title-heading-left\" style=\"margin:0;\">Conoce nuestro equipo<\/h2><\/div><div class=\"fusion-clearfix\"><\/div><\/div><\/div><\/div><\/div><div class=\"fusion-fullwidth fullwidth-box fusion-builder-row-2 fusion-flex-container has-pattern-background has-mask-background equip-section nonhundred-percent-fullwidth non-hundred-percent-height-scrolling\" style=\"--awb-border-radius-top-left:0px;--awb-border-radius-top-right:0px;--awb-border-radius-bottom-right:0px;--awb-border-radius-bottom-left:0px;--awb-flex-wrap:wrap;\" ><div class=\"fusion-builder-row fusion-row fusion-flex-align-items-flex-start fusion-flex-content-wrap\" style=\"max-width:1144px;margin-left: calc(-4% \/ 2 );margin-right: calc(-4% \/ 2 );\"><div class=\"fusion-layout-column fusion_builder_column fusion-builder-column-4 fusion_builder_column_1_4 1_4 fusion-flex-column\" style=\"--awb-bg-size:cover;--awb-width-large:25%;--awb-margin-top-large:0px;--awb-spacing-right-large:7.68%;--awb-margin-bottom-large:20px;--awb-spacing-left-large:7.68%;--awb-width-medium:100%;--awb-spacing-right-medium:1.92%;--awb-spacing-left-medium:1.92%;--awb-width-small:100%;--awb-spacing-right-small:1.92%;--awb-spacing-left-small:1.92%;\"><div class=\"fusion-column-wrapper fusion-flex-justify-content-flex-start fusion-content-layout-column\"><div class=\"fusion-person person fusion-person-left fusion-person-1 fusion-person-icon-top\" style=\"--awb-pic-style-color:#000000;--awb-pic-borderradius:0px;--awb-margin-top:0px;--awb-margin-right:0px;--awb-margin-bottom:0px;--awb-margin-left:0px;--awb-social-box-border-top:0px;--awb-social-box-border-right:0px;--awb-social-box-border-bottom:0px;--awb-social-box-border-left:0px;\"><div class=\"person-shortcode-image-wrapper\"><div class=\"person-image-container hover-type-zoomin\" style=\"border:0px solid #f6f6f6;-webkit-border-radius:0px;-moz-border-radius:0px;border-radius:0px;\"><img decoding=\"async\" class=\"person-img img-responsive wp-image-1520\" width=\"202\" height=\"300\" src=\"https:\/\/lamolaveterinaria.com\/wp-content\/uploads\/2021\/11\/blanca-202x300.jpg\" alt=\"BLANCA ROGER CANALS\" srcset=\"https:\/\/lamolaveterinaria.com\/wp-content\/uploads\/2021\/11\/blanca-200x297.jpg 200w, https:\/\/lamolaveterinaria.com\/wp-content\/uploads\/2021\/11\/blanca-400x593.jpg 400w, https:\/\/lamolaveterinaria.com\/wp-content\/uploads\/2021\/11\/blanca-600x890.jpg 600w, https:\/\/lamolaveterinaria.com\/wp-content\/uploads\/2021\/11\/blanca-800x1187.jpg 800w, https:\/\/lamolaveterinaria.com\/wp-content\/uploads\/2021\/11\/blanca.jpg 863w\" sizes=\"(max-width: 1024px) 100vw, (max-width: 640px) 100vw, 400px\" \/><\/div><\/div><div class=\"person-desc\"><div class=\"person-author\"><div class=\"person-author-wrapper\"><span class=\"person-name\">BLANCA ROGER CANALS<\/span><span class=\"person-title\">Fundadora<\/span><\/div><\/div><div class=\"person-content fusion-clearfix\">Licenciada por la UAB en el a\u00f1o1989 y colegiada por COVB con el n\u00famero 1386.<br \/>\nFundadora de la Cl\u00ednica veterinaria La Mola en 1992 y miembro de AVEPA y ACVAC.<br \/>\nHa realizado cursos, entre los que destacan AO de Traumatolog\u00eda, medicina interna, dermatolog\u00eda, cirug\u00eda, etc.<br \/>\nEl \u00faltimo curso finalizado ha sido el Postgrado de diagn\u00f3stico por imagen de IMPROVE Ib\u00e9rica (2011-2012).<br \/>\nEspecializada en la cirug\u00eda cl\u00ednica y el diagn\u00f3stico por imagen.<\/div><\/div><\/div><\/div><\/div><div class=\"fusion-layout-column fusion_builder_column fusion-builder-column-5 fusion_builder_column_1_4 1_4 fusion-flex-column\" style=\"--awb-bg-size:cover;--awb-width-large:25%;--awb-margin-top-large:0px;--awb-spacing-right-large:7.68%;--awb-margin-bottom-large:20px;--awb-spacing-left-large:7.68%;--awb-width-medium:100%;--awb-spacing-right-medium:1.92%;--awb-spacing-left-medium:1.92%;--awb-width-small:100%;--awb-spacing-right-small:1.92%;--awb-spacing-left-small:1.92%;\"><div class=\"fusion-column-wrapper fusion-flex-justify-content-flex-start fusion-content-layout-column\"><div class=\"fusion-person person fusion-person-left fusion-person-2 fusion-person-icon-top\" style=\"--awb-pic-style-color:#000000;--awb-pic-borderradius:0px;--awb-margin-top:0px;--awb-margin-right:0px;--awb-margin-bottom:0px;--awb-margin-left:0px;--awb-social-box-border-top:0px;--awb-social-box-border-right:0px;--awb-social-box-border-bottom:0px;--awb-social-box-border-left:0px;\"><div class=\"person-shortcode-image-wrapper\"><div class=\"person-image-container hover-type-zoomin\" style=\"border:0px solid #f6f6f6;-webkit-border-radius:0px;-moz-border-radius:0px;border-radius:0px;\"><img decoding=\"async\" class=\"person-img img-responsive wp-image-1524\" width=\"211\" height=\"300\" src=\"https:\/\/lamolaveterinaria.com\/wp-content\/uploads\/2021\/11\/oti-211x300.jpg\" alt=\"OTI DOMINGO AMOR\u00d3S\" srcset=\"https:\/\/lamolaveterinaria.com\/wp-content\/uploads\/2021\/11\/oti-200x285.jpg 200w, https:\/\/lamolaveterinaria.com\/wp-content\/uploads\/2021\/11\/oti-400x570.jpg 400w, https:\/\/lamolaveterinaria.com\/wp-content\/uploads\/2021\/11\/oti-600x854.jpg 600w, https:\/\/lamolaveterinaria.com\/wp-content\/uploads\/2021\/11\/oti-800x1139.jpg 800w, https:\/\/lamolaveterinaria.com\/wp-content\/uploads\/2021\/11\/oti.jpg 899w\" sizes=\"(max-width: 1024px) 100vw, (max-width: 640px) 100vw, 400px\" \/><\/div><\/div><div class=\"person-desc\"><div class=\"person-author\"><div class=\"person-author-wrapper\"><span class=\"person-name\">OTI DOMINGO AMOR\u00d3S<\/span><span class=\"person-title\">Licenciada<\/span><\/div><\/div><div class=\"person-content fusion-clearfix\">Licenciada por la UAB en 1992 y colegiada por el COVB con el n\u00famero 1804.<br \/>\nEst\u00e1 en plantilla desde 1994 y est\u00e1 especializada en medicina general cl\u00ednica.<br \/>\nHa realizado cursos de especializaci\u00f3n en urgencias veterinarias y geriatr\u00eda felina.<br \/>\nAs\u00ed como cursos de dermatolog\u00eda y hospitalizaci\u00f3n.<br \/>\nContinuamente activa en cursos de formaci\u00f3n.<\/div><\/div><\/div><\/div><\/div><div class=\"fusion-layout-column fusion_builder_column fusion-builder-column-6 fusion_builder_column_1_4 1_4 fusion-flex-column\" style=\"--awb-bg-size:cover;--awb-width-large:25%;--awb-margin-top-large:0px;--awb-spacing-right-large:7.68%;--awb-margin-bottom-large:20px;--awb-spacing-left-large:7.68%;--awb-width-medium:100%;--awb-spacing-right-medium:1.92%;--awb-spacing-left-medium:1.92%;--awb-width-small:100%;--awb-spacing-right-small:1.92%;--awb-spacing-left-small:1.92%;\"><div class=\"fusion-column-wrapper fusion-flex-justify-content-flex-start fusion-content-layout-column\"><div class=\"fusion-person person fusion-person-left fusion-person-3 fusion-person-icon-top\" style=\"--awb-pic-style-color:#000000;--awb-pic-borderradius:0px;--awb-margin-top:0px;--awb-margin-right:0px;--awb-margin-bottom:0px;--awb-margin-left:0px;--awb-social-box-border-top:0px;--awb-social-box-border-right:0px;--awb-social-box-border-bottom:0px;--awb-social-box-border-left:0px;\"><div class=\"person-shortcode-image-wrapper\"><div class=\"person-image-container hover-type-zoomin\" style=\"border:0px solid #f6f6f6;-webkit-border-radius:0px;-moz-border-radius:0px;border-radius:0px;\"><img decoding=\"async\" class=\"person-img img-responsive wp-image-1522\" width=\"247\" height=\"300\" src=\"https:\/\/lamolaveterinaria.com\/wp-content\/uploads\/2021\/11\/laura-247x300.jpg\" alt=\"LAURA MORENO S\u00c1NCHEZ\" srcset=\"https:\/\/lamolaveterinaria.com\/wp-content\/uploads\/2021\/11\/laura-200x243.jpg 200w, https:\/\/lamolaveterinaria.com\/wp-content\/uploads\/2021\/11\/laura-400x486.jpg 400w, https:\/\/lamolaveterinaria.com\/wp-content\/uploads\/2021\/11\/laura-600x729.jpg 600w, https:\/\/lamolaveterinaria.com\/wp-content\/uploads\/2021\/11\/laura-800x972.jpg 800w, https:\/\/lamolaveterinaria.com\/wp-content\/uploads\/2021\/11\/laura.jpg 1054w\" sizes=\"(max-width: 1024px) 100vw, (max-width: 640px) 100vw, 400px\" \/><\/div><\/div><div class=\"person-desc\"><div class=\"person-author\"><div class=\"person-author-wrapper\"><span class=\"person-name\">LAURA MORENO S\u00c1NCHEZ<\/span><span class=\"person-title\">Auxiliar<\/span><\/div><\/div><div class=\"person-content fusion-clearfix\">Titulada como auxiliar de cl\u00ednica veterinaria y peluquer\u00eda canina y felina por IDEA en el a\u00f1o 2005.<br \/>\nSe incorpor\u00f3 a la plantilla en Junio de 2006.<br \/>\nHa realizado cursos de urgencias, reproducci\u00f3n animal y asesoramiento de productos veterinarios. As\u00ed como curso de atenci\u00f3n al cliente y redes sociales.<\/div><\/div><\/div><\/div><\/div><div class=\"fusion-layout-column fusion_builder_column fusion-builder-column-7 fusion_builder_column_1_4 1_4 fusion-flex-column\" style=\"--awb-bg-size:cover;--awb-width-large:25%;--awb-margin-top-large:0px;--awb-spacing-right-large:7.68%;--awb-margin-bottom-large:20px;--awb-spacing-left-large:7.68%;--awb-width-medium:100%;--awb-spacing-right-medium:1.92%;--awb-spacing-left-medium:1.92%;--awb-width-small:100%;--awb-spacing-right-small:1.92%;--awb-spacing-left-small:1.92%;\"><div class=\"fusion-column-wrapper fusion-flex-justify-content-flex-start fusion-content-layout-column\"><div class=\"fusion-person person fusion-person-left fusion-person-4 fusion-person-icon-top\" style=\"--awb-pic-style-color:#000000;--awb-pic-borderradius:0px;--awb-margin-top:0px;--awb-margin-right:0px;--awb-margin-bottom:0px;--awb-margin-left:0px;--awb-social-box-border-top:0px;--awb-social-box-border-right:0px;--awb-social-box-border-bottom:0px;--awb-social-box-border-left:0px;\"><div class=\"person-shortcode-image-wrapper\"><div class=\"person-image-container hover-type-zoomin\" style=\"border:0px solid #f6f6f6;-webkit-border-radius:0px;-moz-border-radius:0px;border-radius:0px;\"><img decoding=\"async\" class=\"person-img img-responsive wp-image-2000\" width=\"219\" height=\"300\" src=\"https:\/\/lamolaveterinaria.com\/wp-content\/uploads\/2025\/02\/Bernat_serra_resized-219x300.jpg\" alt=\"BERNAT SERRA ROGER\" srcset=\"https:\/\/lamolaveterinaria.com\/wp-content\/uploads\/2025\/02\/Bernat_serra_resized-200x274.jpg 200w, https:\/\/lamolaveterinaria.com\/wp-content\/uploads\/2025\/02\/Bernat_serra_resized-400x548.jpg 400w, https:\/\/lamolaveterinaria.com\/wp-content\/uploads\/2025\/02\/Bernat_serra_resized.jpg 500w\" sizes=\"(max-width: 1024px) 100vw, (max-width: 640px) 100vw, 400px\" \/><\/div><\/div><div class=\"person-desc\"><div class=\"person-author\"><div class=\"person-author-wrapper\"><span class=\"person-name\">BERNAT SERRA ROGER<\/span><span class=\"person-title\">Auxiliar<\/span><\/div><\/div><div class=\"person-content fusion-clearfix\">Gran amante y sensibilizado de los animales.<br \/>\nTrabajador incansable para todo lo que haga falta.<\/div><\/div><\/div><\/div><\/div><\/div><\/div><\/p>\n","protected":false},"excerpt":{"rendered":"","protected":false},"author":4,"featured_media":0,"parent":0,"menu_order":0,"comment_status":"open","ping_status":"open","template":"","meta":{"_joinchat":[],"footnotes":""},"class_list":["post-347","page","type-page","status-publish","hentry"],"yoast_head":"<!-- This site is optimized with the Yoast SEO plugin v27.4 - https:\/\/yoast.com\/product\/yoast-seo-wordpress\/ -->\n<title>Equipo | La Mola Veterinaria<\/title>\n<meta name=\"description\" content=\"La Cl\u00ednica Veterinaria La Mola ofrece un servicio completo: consultas, consultas especializadas, vacunas, radiograf\u00eda digital, electrocardiograma y mucho m\u00e1s.\" \/>\n<meta name=\"robots\" content=\"index, follow, max-snippet:-1, max-image-preview:large, max-video-preview:-1\" \/>\n<link rel=\"canonical\" href=\"https:\/\/lamolaveterinaria.com\/es\/equipo-la-mola-veterinaria\/\" \/>\n<meta property=\"og:locale\" content=\"es_ES\" \/>\n<meta property=\"og:type\" content=\"article\" \/>\n<meta property=\"og:title\" content=\"Equipo | La Mola Veterinaria\" \/>\n<meta property=\"og:description\" content=\"La Cl\u00ednica Veterinaria La Mola ofrece un servicio completo: consultas, consultas especializadas, vacunas, radiograf\u00eda digital, electrocardiograma y mucho m\u00e1s.\" \/>\n<meta property=\"og:url\" content=\"https:\/\/lamolaveterinaria.com\/es\/equipo-la-mola-veterinaria\/\" \/>\n<meta property=\"og:site_name\" content=\"La Mola Veterinaria\" \/>\n<meta property=\"article:publisher\" content=\"https:\/\/www.facebook.com\/lamolaveterinaria\" \/>\n<meta property=\"article:modified_time\" content=\"2025-11-28T11:16:03+00:00\" \/>\n<meta property=\"og:image\" content=\"https:\/\/lamolaveterinaria.com\/wp-content\/uploads\/2015\/05\/19.jpg\" \/>\n\t<meta property=\"og:image:width\" content=\"1920\" \/>\n\t<meta property=\"og:image:height\" content=\"1452\" \/>\n\t<meta property=\"og:image:type\" content=\"image\/jpeg\" \/>\n<meta name=\"twitter:card\" content=\"summary_large_image\" \/>\n<script type=\"application\/ld+json\" class=\"yoast-schema-graph\">{\"@context\":\"https:\\\/\\\/schema.org\",\"@graph\":[{\"@type\":\"WebPage\",\"@id\":\"https:\\\/\\\/lamolaveterinaria.com\\\/es\\\/equipo-la-mola-veterinaria\\\/\",\"url\":\"https:\\\/\\\/lamolaveterinaria.com\\\/es\\\/equipo-la-mola-veterinaria\\\/\",\"name\":\"Equipo | La Mola Veterinaria\",\"isPartOf\":{\"@id\":\"https:\\\/\\\/lamolaveterinaria.com\\\/#website\"},\"datePublished\":\"2016-03-02T10:01:17+00:00\",\"dateModified\":\"2025-11-28T11:16:03+00:00\",\"description\":\"La Cl\u00ednica Veterinaria La Mola ofrece un servicio completo: consultas, consultas especializadas, vacunas, radiograf\u00eda digital, electrocardiograma y mucho m\u00e1s.\",\"breadcrumb\":{\"@id\":\"https:\\\/\\\/lamolaveterinaria.com\\\/es\\\/equipo-la-mola-veterinaria\\\/#breadcrumb\"},\"inLanguage\":\"es\",\"potentialAction\":[{\"@type\":\"ReadAction\",\"target\":[\"https:\\\/\\\/lamolaveterinaria.com\\\/es\\\/equipo-la-mola-veterinaria\\\/\"]}]},{\"@type\":\"BreadcrumbList\",\"@id\":\"https:\\\/\\\/lamolaveterinaria.com\\\/es\\\/equipo-la-mola-veterinaria\\\/#breadcrumb\",\"itemListElement\":[{\"@type\":\"ListItem\",\"position\":1,\"name\":\"Inici\",\"item\":\"https:\\\/\\\/lamolaveterinaria.com\\\/es\\\/\"},{\"@type\":\"ListItem\",\"position\":2,\"name\":\"Equipo\"}]},{\"@type\":\"WebSite\",\"@id\":\"https:\\\/\\\/lamolaveterinaria.com\\\/#website\",\"url\":\"https:\\\/\\\/lamolaveterinaria.com\\\/\",\"name\":\"La Mola Veterin\u00e0ria\",\"description\":\"Centre Veterinari Terrassa\",\"publisher\":{\"@id\":\"https:\\\/\\\/lamolaveterinaria.com\\\/#organization\"},\"potentialAction\":[{\"@type\":\"SearchAction\",\"target\":{\"@type\":\"EntryPoint\",\"urlTemplate\":\"https:\\\/\\\/lamolaveterinaria.com\\\/?s={search_term_string}\"},\"query-input\":{\"@type\":\"PropertyValueSpecification\",\"valueRequired\":true,\"valueName\":\"search_term_string\"}}],\"inLanguage\":\"es\"},{\"@type\":\"Organization\",\"@id\":\"https:\\\/\\\/lamolaveterinaria.com\\\/#organization\",\"name\":\"Cl\u00ednica Veterin\u00e0ria La Mola\",\"url\":\"https:\\\/\\\/lamolaveterinaria.com\\\/\",\"logo\":{\"@type\":\"ImageObject\",\"inLanguage\":\"es\",\"@id\":\"https:\\\/\\\/lamolaveterinaria.com\\\/#\\\/schema\\\/logo\\\/image\\\/\",\"url\":\"https:\\\/\\\/lamolaveterinaria.com\\\/wp-content\\\/uploads\\\/2021\\\/10\\\/La_mola_screen_100px-1.png\",\"contentUrl\":\"https:\\\/\\\/lamolaveterinaria.com\\\/wp-content\\\/uploads\\\/2021\\\/10\\\/La_mola_screen_100px-1.png\",\"width\":199,\"height\":100,\"caption\":\"Cl\u00ednica Veterin\u00e0ria La Mola\"},\"image\":{\"@id\":\"https:\\\/\\\/lamolaveterinaria.com\\\/#\\\/schema\\\/logo\\\/image\\\/\"},\"sameAs\":[\"https:\\\/\\\/www.facebook.com\\\/lamolaveterinaria\",\"https:\\\/\\\/www.instagram.com\\\/lamolaveterinaria\\\/\"]}]}<\/script>\n<!-- \/ Yoast SEO plugin. -->","yoast_head_json":{"title":"Equipo | La Mola Veterinaria","description":"La Cl\u00ednica Veterinaria La Mola ofrece un servicio completo: consultas, consultas especializadas, vacunas, radiograf\u00eda digital, electrocardiograma y mucho m\u00e1s.","robots":{"index":"index","follow":"follow","max-snippet":"max-snippet:-1","max-image-preview":"max-image-preview:large","max-video-preview":"max-video-preview:-1"},"canonical":"https:\/\/lamolaveterinaria.com\/es\/equipo-la-mola-veterinaria\/","og_locale":"es_ES","og_type":"article","og_title":"Equipo | La Mola Veterinaria","og_description":"La Cl\u00ednica Veterinaria La Mola ofrece un servicio completo: consultas, consultas especializadas, vacunas, radiograf\u00eda digital, electrocardiograma y mucho m\u00e1s.","og_url":"https:\/\/lamolaveterinaria.com\/es\/equipo-la-mola-veterinaria\/","og_site_name":"La Mola Veterinaria","article_publisher":"https:\/\/www.facebook.com\/lamolaveterinaria","article_modified_time":"2025-11-28T11:16:03+00:00","og_image":[{"width":1920,"height":1452,"url":"https:\/\/lamolaveterinaria.com\/wp-content\/uploads\/2015\/05\/19.jpg","type":"image\/jpeg"}],"twitter_card":"summary_large_image","schema":{"@context":"https:\/\/schema.org","@graph":[{"@type":"WebPage","@id":"https:\/\/lamolaveterinaria.com\/es\/equipo-la-mola-veterinaria\/","url":"https:\/\/lamolaveterinaria.com\/es\/equipo-la-mola-veterinaria\/","name":"Equipo | La Mola Veterinaria","isPartOf":{"@id":"https:\/\/lamolaveterinaria.com\/#website"},"datePublished":"2016-03-02T10:01:17+00:00","dateModified":"2025-11-28T11:16:03+00:00","description":"La Cl\u00ednica Veterinaria La Mola ofrece un servicio completo: consultas, consultas especializadas, vacunas, radiograf\u00eda digital, electrocardiograma y mucho m\u00e1s.","breadcrumb":{"@id":"https:\/\/lamolaveterinaria.com\/es\/equipo-la-mola-veterinaria\/#breadcrumb"},"inLanguage":"es","potentialAction":[{"@type":"ReadAction","target":["https:\/\/lamolaveterinaria.com\/es\/equipo-la-mola-veterinaria\/"]}]},{"@type":"BreadcrumbList","@id":"https:\/\/lamolaveterinaria.com\/es\/equipo-la-mola-veterinaria\/#breadcrumb","itemListElement":[{"@type":"ListItem","position":1,"name":"Inici","item":"https:\/\/lamolaveterinaria.com\/es\/"},{"@type":"ListItem","position":2,"name":"Equipo"}]},{"@type":"WebSite","@id":"https:\/\/lamolaveterinaria.com\/#website","url":"https:\/\/lamolaveterinaria.com\/","name":"La Mola Veterin\u00e0ria","description":"Centre Veterinari Terrassa","publisher":{"@id":"https:\/\/lamolaveterinaria.com\/#organization"},"potentialAction":[{"@type":"SearchAction","target":{"@type":"EntryPoint","urlTemplate":"https:\/\/lamolaveterinaria.com\/?s={search_term_string}"},"query-input":{"@type":"PropertyValueSpecification","valueRequired":true,"valueName":"search_term_string"}}],"inLanguage":"es"},{"@type":"Organization","@id":"https:\/\/lamolaveterinaria.com\/#organization","name":"Cl\u00ednica Veterin\u00e0ria La Mola","url":"https:\/\/lamolaveterinaria.com\/","logo":{"@type":"ImageObject","inLanguage":"es","@id":"https:\/\/lamolaveterinaria.com\/#\/schema\/logo\/image\/","url":"https:\/\/lamolaveterinaria.com\/wp-content\/uploads\/2021\/10\/La_mola_screen_100px-1.png","contentUrl":"https:\/\/lamolaveterinaria.com\/wp-content\/uploads\/2021\/10\/La_mola_screen_100px-1.png","width":199,"height":100,"caption":"Cl\u00ednica Veterin\u00e0ria La Mola"},"image":{"@id":"https:\/\/lamolaveterinaria.com\/#\/schema\/logo\/image\/"},"sameAs":["https:\/\/www.facebook.com\/lamolaveterinaria","https:\/\/www.instagram.com\/lamolaveterinaria\/"]}]}},"_links":{"self":[{"href":"https:\/\/lamolaveterinaria.com\/es\/wp-json\/wp\/v2\/pages\/347","targetHints":{"allow":["GET"]}}],"collection":[{"href":"https:\/\/lamolaveterinaria.com\/es\/wp-json\/wp\/v2\/pages"}],"about":[{"href":"https:\/\/lamolaveterinaria.com\/es\/wp-json\/wp\/v2\/types\/page"}],"author":[{"embeddable":true,"href":"https:\/\/lamolaveterinaria.com\/es\/wp-json\/wp\/v2\/users\/4"}],"replies":[{"embeddable":true,"href":"https:\/\/lamolaveterinaria.com\/es\/wp-json\/wp\/v2\/comments?post=347"}],"version-history":[{"count":31,"href":"https:\/\/lamolaveterinaria.com\/es\/wp-json\/wp\/v2\/pages\/347\/revisions"}],"predecessor-version":[{"id":2004,"href":"https:\/\/lamolaveterinaria.com\/es\/wp-json\/wp\/v2\/pages\/347\/revisions\/2004"}],"wp:attachment":[{"href":"https:\/\/lamolaveterinaria.com\/es\/wp-json\/wp\/v2\/media?parent=347"}],"curies":[{"name":"wp","href":"https:\/\/api.w.org\/{rel}","templated":true}]}}